{"id":7045,"date":"2016-09-12T14:00:56","date_gmt":"2016-09-12T18:00:56","guid":{"rendered":"https:\/\/lepetitseptieme.ca\/?post_type=product&#038;p=7045"},"modified":"2022-12-24T22:52:10","modified_gmt":"2022-12-25T03:52:10","slug":"baby-on-board-car-sticker","status":"publish","type":"product","link":"https:\/\/lepetitseptieme.ca\/en\/produit\/baby-on-board-car-sticker\/","title":{"rendered":"Baby On Board Car Sticker &#8211; 2 pieces"},"content":{"rendered":"<p>&#8220;Baby on board&#8221; type, glass sticker, on which appears rather the words &#8220;Futur cin\u00e9phile \u00e0 bord&#8221;. It must be stuck on the glass inside the car.<\/p>\n<p>* Reduced price due to transparent background requiring the application of a second sticker to improve visibility. The 2nd sticker is provided.<\/p>\n","protected":false},"excerpt":{"rendered":"<p>&#8220;Baby on board&#8221; type, glass sticker, on which appears rather the words &#8220;Futur cin\u00e9phile \u00e0 bord&#8221;. It must be stuck on the glass inside the car.<\/p>\n","protected":false},"featured_media":3328,"comment_status":"open","ping_status":"closed","template":"","meta":{"_acf_changed":false,"site-sidebar-layout":"default","site-content-layout":"","ast-site-content-layout":"default","site-content-style":"default","site-sidebar-style":"default","ast-global-header-display":"","ast-banner-title-visibility":"","ast-main-header-display":"","ast-hfb-above-header-display":"","ast-hfb-below-header-display":"","ast-hfb-mobile-header-display":"","site-post-title":"","ast-breadcrumbs-content":"","ast-featured-img":"","footer-sml-layout":"","ast-disable-related-posts":"","theme-transparent-header-meta":"","adv-header-id-meta":"","stick-header-meta":"","header-above-stick-meta":"","header-main-stick-meta":"","header-below-stick-meta":"","astra-migrate-meta-layouts":"default","ast-page-background-enabled":"default","ast-page-background-meta":{"desktop":{"background-color":"var(--ast-global-color-4)","background-image":"","background-repeat":"repeat","background-position":"center center","background-size":"auto","background-attachment":"scroll","background-type":"","background-media":"","overlay-type":"","overlay-color":"","overlay-opacity":"","overlay-gradient":""},"tablet":{"background-color":"","background-image":"","background-repeat":"repeat","background-position":"center center","background-size":"auto","background-attachment":"scroll","background-type":"","background-media":"","overlay-type":"","overlay-color":"","overlay-opacity":"","overlay-gradient":""},"mobile":{"background-color":"","background-image":"","background-repeat":"repeat","background-position":"center center","background-size":"auto","background-attachment":"scroll","background-type":"","background-media":"","overlay-type":"","overlay-color":"","overlay-opacity":"","overlay-gradient":""}},"ast-content-background-meta":{"desktop":{"background-color":"var(--ast-global-color-5)","background-image":"","background-repeat":"repeat","background-position":"center center","background-size":"auto","background-attachment":"scroll","background-type":"","background-media":"","overlay-type":"","overlay-color":"","overlay-opacity":"","overlay-gradient":""},"tablet":{"background-color":"var(--ast-global-color-5)","background-image":"","background-repeat":"repeat","background-position":"center center","background-size":"auto","background-attachment":"scroll","background-type":"","background-media":"","overlay-type":"","overlay-color":"","overlay-opacity":"","overlay-gradient":""},"mobile":{"background-color":"var(--ast-global-color-5)","background-image":"","background-repeat":"repeat","background-position":"center center","background-size":"auto","background-attachment":"scroll","background-type":"","background-media":"","overlay-type":"","overlay-color":"","overlay-opacity":"","overlay-gradient":""}}},"product_brand":[],"product_cat":[5606],"product_tag":[5622,5685,5632,5620],"class_list":{"0":"post-7045","1":"product","2":"type-product","3":"status-publish","4":"has-post-thumbnail","6":"product_cat-stickers","7":"product_tag-baby","8":"product_tag-car","9":"product_tag-rebates","10":"product_tag-stickers","11":"desktop-align-left","12":"tablet-align-left","13":"mobile-align-left","15":"first","16":"instock","17":"sale","18":"taxable","19":"shipping-taxable","20":"purchasable","21":"product-type-simple"},"acf":[],"yoast_head":"<!-- This site is optimized with the Yoast SEO plugin v27.1.1 - https:\/\/yoast.com\/product\/yoast-seo-wordpress\/ -->\n<title>Baby On Board Car Sticker - 2 pieces - Le petit septi\u00e8me<\/title>\n<meta name=\"description\" content=\"Autocollant pour vitre de type &quot;B\u00e9b\u00e9 \u00e0 bord&quot;, sur lequel figure plut\u00f4t la mention &quot;Futur cin\u00e9phile \u00e0 bord&quot;.\" \/>\n<meta name=\"robots\" content=\"index, follow, max-snippet:-1, max-image-preview:large, max-video-preview:-1\" \/>\n<link rel=\"canonical\" href=\"https:\/\/lepetitseptieme.ca\/en\/produit\/baby-on-board-car-sticker\/\" \/>\n<meta property=\"og:locale\" content=\"en_US\" \/>\n<meta property=\"og:type\" content=\"article\" \/>\n<meta property=\"og:title\" content=\"Baby On Board Car Sticker - 2 pieces - Le petit septi\u00e8me\" \/>\n<meta property=\"og:description\" content=\"Autocollant pour vitre de type &quot;B\u00e9b\u00e9 \u00e0 bord&quot;, sur lequel figure plut\u00f4t la mention &quot;Futur cin\u00e9phile \u00e0 bord&quot;.\" \/>\n<meta property=\"og:url\" content=\"https:\/\/lepetitseptieme.ca\/en\/produit\/baby-on-board-car-sticker\/\" \/>\n<meta property=\"og:site_name\" content=\"Le petit septi\u00e8me\" \/>\n<meta property=\"article:publisher\" content=\"https:\/\/www.facebook.com\/pages\/Le-Petit-Septi%c3%a8me\/494448933948121?ref=hl\" \/>\n<meta property=\"article:modified_time\" content=\"2022-12-25T03:52:10+00:00\" \/>\n<meta property=\"og:image\" content=\"https:\/\/lepetitseptieme.ca\/wp-content\/uploads\/2016\/08\/Autocollant-Petit-Septieme.jpg\" \/>\n\t<meta property=\"og:image:width\" content=\"1711\" \/>\n\t<meta property=\"og:image:height\" content=\"1494\" \/>\n\t<meta property=\"og:image:type\" content=\"image\/jpeg\" \/>\n<meta name=\"twitter:card\" content=\"summary_large_image\" \/>\n<meta name=\"twitter:site\" content=\"@LePetitSeptieme\" \/>\n<script type=\"application\/ld+json\" class=\"yoast-schema-graph\">{\"@context\":\"https:\/\/schema.org\",\"@graph\":[{\"@type\":\"WebPage\",\"@id\":\"https:\/\/lepetitseptieme.ca\/en\/produit\/baby-on-board-car-sticker\/\",\"url\":\"https:\/\/lepetitseptieme.ca\/en\/produit\/baby-on-board-car-sticker\/\",\"name\":\"Baby On Board Car Sticker - 2 pieces - Le petit septi\u00e8me\",\"isPartOf\":{\"@id\":\"https:\/\/lepetitseptieme.ca\/en\/#website\"},\"primaryImageOfPage\":{\"@id\":\"https:\/\/lepetitseptieme.ca\/en\/produit\/baby-on-board-car-sticker\/#primaryimage\"},\"image\":{\"@id\":\"https:\/\/lepetitseptieme.ca\/en\/produit\/baby-on-board-car-sticker\/#primaryimage\"},\"thumbnailUrl\":\"https:\/\/lepetitseptieme.ca\/wp-content\/uploads\/2016\/08\/Autocollant-Petit-Septieme.jpg\",\"datePublished\":\"2016-09-12T18:00:56+00:00\",\"dateModified\":\"2022-12-25T03:52:10+00:00\",\"description\":\"Autocollant pour vitre de type \\\"B\u00e9b\u00e9 \u00e0 bord\\\", sur lequel figure plut\u00f4t la mention \\\"Futur cin\u00e9phile \u00e0 bord\\\".\",\"breadcrumb\":{\"@id\":\"https:\/\/lepetitseptieme.ca\/en\/produit\/baby-on-board-car-sticker\/#breadcrumb\"},\"inLanguage\":\"en-US\",\"potentialAction\":[{\"@type\":\"ReadAction\",\"target\":[\"https:\/\/lepetitseptieme.ca\/en\/produit\/baby-on-board-car-sticker\/\"]}]},{\"@type\":\"ImageObject\",\"inLanguage\":\"en-US\",\"@id\":\"https:\/\/lepetitseptieme.ca\/en\/produit\/baby-on-board-car-sticker\/#primaryimage\",\"url\":\"https:\/\/lepetitseptieme.ca\/wp-content\/uploads\/2016\/08\/Autocollant-Petit-Septieme.jpg\",\"contentUrl\":\"https:\/\/lepetitseptieme.ca\/wp-content\/uploads\/2016\/08\/Autocollant-Petit-Septieme.jpg\",\"width\":1711,\"height\":1494,\"caption\":\"Autocollant b\u00e9b\u00e9 \u00e0 bord\"},{\"@type\":\"BreadcrumbList\",\"@id\":\"https:\/\/lepetitseptieme.ca\/en\/produit\/baby-on-board-car-sticker\/#breadcrumb\",\"itemListElement\":[{\"@type\":\"ListItem\",\"position\":1,\"name\":\"Home\",\"item\":\"https:\/\/lepetitseptieme.ca\/en\/\"},{\"@type\":\"ListItem\",\"position\":2,\"name\":\"Store\",\"item\":\"https:\/\/lepetitseptieme.ca\/boutique\/\"},{\"@type\":\"ListItem\",\"position\":3,\"name\":\"Baby On Board Car Sticker &#8211; 2 pieces\"}]},{\"@type\":\"WebSite\",\"@id\":\"https:\/\/lepetitseptieme.ca\/en\/#website\",\"url\":\"https:\/\/lepetitseptieme.ca\/en\/\",\"name\":\"Le petit septi\u00e8me\",\"description\":\"Reviews and comments on Quebec, international and author cinema\",\"publisher\":{\"@id\":\"https:\/\/lepetitseptieme.ca\/en\/#organization\"},\"potentialAction\":[{\"@type\":\"SearchAction\",\"target\":{\"@type\":\"EntryPoint\",\"urlTemplate\":\"https:\/\/lepetitseptieme.ca\/en\/?s={search_term_string}\"},\"query-input\":{\"@type\":\"PropertyValueSpecification\",\"valueRequired\":true,\"valueName\":\"search_term_string\"}}],\"inLanguage\":\"en-US\"},{\"@type\":\"Organization\",\"@id\":\"https:\/\/lepetitseptieme.ca\/en\/#organization\",\"name\":\"Le Petit Septi\u00e8me\",\"url\":\"https:\/\/lepetitseptieme.ca\/en\/\",\"logo\":{\"@type\":\"ImageObject\",\"inLanguage\":\"en-US\",\"@id\":\"https:\/\/lepetitseptieme.ca\/en\/#\/schema\/logo\/image\/\",\"url\":\"https:\/\/lepetitseptieme.ca\/wp-content\/uploads\/2016\/05\/cropped-Logo-Le-Petit-Septi\u00e8me-2016-BW.png\",\"contentUrl\":\"https:\/\/lepetitseptieme.ca\/wp-content\/uploads\/2016\/05\/cropped-Logo-Le-Petit-Septi\u00e8me-2016-BW.png\",\"width\":512,\"height\":512,\"caption\":\"Le Petit Septi\u00e8me\"},\"image\":{\"@id\":\"https:\/\/lepetitseptieme.ca\/en\/#\/schema\/logo\/image\/\"},\"sameAs\":[\"https:\/\/www.facebook.com\/pages\/Le-Petit-Septi\u00e8me\/494448933948121?ref=hl\",\"https:\/\/x.com\/LePetitSeptieme\",\"https:\/\/www.youtube.com\/channel\/UC5mdhI_jJvDN1I9fkk5RcIw\"]}]}<\/script>\n<!-- \/ Yoast SEO plugin. -->","yoast_head_json":{"title":"Baby On Board Car Sticker - 2 pieces - Le petit septi\u00e8me","description":"Autocollant pour vitre de type \"B\u00e9b\u00e9 \u00e0 bord\", sur lequel figure plut\u00f4t la mention \"Futur cin\u00e9phile \u00e0 bord\".","robots":{"index":"index","follow":"follow","max-snippet":"max-snippet:-1","max-image-preview":"max-image-preview:large","max-video-preview":"max-video-preview:-1"},"canonical":"https:\/\/lepetitseptieme.ca\/en\/produit\/baby-on-board-car-sticker\/","og_locale":"en_US","og_type":"article","og_title":"Baby On Board Car Sticker - 2 pieces - Le petit septi\u00e8me","og_description":"Autocollant pour vitre de type \"B\u00e9b\u00e9 \u00e0 bord\", sur lequel figure plut\u00f4t la mention \"Futur cin\u00e9phile \u00e0 bord\".","og_url":"https:\/\/lepetitseptieme.ca\/en\/produit\/baby-on-board-car-sticker\/","og_site_name":"Le petit septi\u00e8me","article_publisher":"https:\/\/www.facebook.com\/pages\/Le-Petit-Septi%c3%a8me\/494448933948121?ref=hl","article_modified_time":"2022-12-25T03:52:10+00:00","og_image":[{"width":1711,"height":1494,"url":"https:\/\/lepetitseptieme.ca\/wp-content\/uploads\/2016\/08\/Autocollant-Petit-Septieme.jpg","type":"image\/jpeg"}],"twitter_card":"summary_large_image","twitter_site":"@LePetitSeptieme","schema":{"@context":"https:\/\/schema.org","@graph":[{"@type":"WebPage","@id":"https:\/\/lepetitseptieme.ca\/en\/produit\/baby-on-board-car-sticker\/","url":"https:\/\/lepetitseptieme.ca\/en\/produit\/baby-on-board-car-sticker\/","name":"Baby On Board Car Sticker - 2 pieces - Le petit septi\u00e8me","isPartOf":{"@id":"https:\/\/lepetitseptieme.ca\/en\/#website"},"primaryImageOfPage":{"@id":"https:\/\/lepetitseptieme.ca\/en\/produit\/baby-on-board-car-sticker\/#primaryimage"},"image":{"@id":"https:\/\/lepetitseptieme.ca\/en\/produit\/baby-on-board-car-sticker\/#primaryimage"},"thumbnailUrl":"https:\/\/lepetitseptieme.ca\/wp-content\/uploads\/2016\/08\/Autocollant-Petit-Septieme.jpg","datePublished":"2016-09-12T18:00:56+00:00","dateModified":"2022-12-25T03:52:10+00:00","description":"Autocollant pour vitre de type \"B\u00e9b\u00e9 \u00e0 bord\", sur lequel figure plut\u00f4t la mention \"Futur cin\u00e9phile \u00e0 bord\".","breadcrumb":{"@id":"https:\/\/lepetitseptieme.ca\/en\/produit\/baby-on-board-car-sticker\/#breadcrumb"},"inLanguage":"en-US","potentialAction":[{"@type":"ReadAction","target":["https:\/\/lepetitseptieme.ca\/en\/produit\/baby-on-board-car-sticker\/"]}]},{"@type":"ImageObject","inLanguage":"en-US","@id":"https:\/\/lepetitseptieme.ca\/en\/produit\/baby-on-board-car-sticker\/#primaryimage","url":"https:\/\/lepetitseptieme.ca\/wp-content\/uploads\/2016\/08\/Autocollant-Petit-Septieme.jpg","contentUrl":"https:\/\/lepetitseptieme.ca\/wp-content\/uploads\/2016\/08\/Autocollant-Petit-Septieme.jpg","width":1711,"height":1494,"caption":"Autocollant b\u00e9b\u00e9 \u00e0 bord"},{"@type":"BreadcrumbList","@id":"https:\/\/lepetitseptieme.ca\/en\/produit\/baby-on-board-car-sticker\/#breadcrumb","itemListElement":[{"@type":"ListItem","position":1,"name":"Home","item":"https:\/\/lepetitseptieme.ca\/en\/"},{"@type":"ListItem","position":2,"name":"Store","item":"https:\/\/lepetitseptieme.ca\/boutique\/"},{"@type":"ListItem","position":3,"name":"Baby On Board Car Sticker &#8211; 2 pieces"}]},{"@type":"WebSite","@id":"https:\/\/lepetitseptieme.ca\/en\/#website","url":"https:\/\/lepetitseptieme.ca\/en\/","name":"Le petit septi\u00e8me","description":"Reviews and comments on Quebec, international and author cinema","publisher":{"@id":"https:\/\/lepetitseptieme.ca\/en\/#organization"},"potentialAction":[{"@type":"SearchAction","target":{"@type":"EntryPoint","urlTemplate":"https:\/\/lepetitseptieme.ca\/en\/?s={search_term_string}"},"query-input":{"@type":"PropertyValueSpecification","valueRequired":true,"valueName":"search_term_string"}}],"inLanguage":"en-US"},{"@type":"Organization","@id":"https:\/\/lepetitseptieme.ca\/en\/#organization","name":"Le Petit Septi\u00e8me","url":"https:\/\/lepetitseptieme.ca\/en\/","logo":{"@type":"ImageObject","inLanguage":"en-US","@id":"https:\/\/lepetitseptieme.ca\/en\/#\/schema\/logo\/image\/","url":"https:\/\/lepetitseptieme.ca\/wp-content\/uploads\/2016\/05\/cropped-Logo-Le-Petit-Septi\u00e8me-2016-BW.png","contentUrl":"https:\/\/lepetitseptieme.ca\/wp-content\/uploads\/2016\/05\/cropped-Logo-Le-Petit-Septi\u00e8me-2016-BW.png","width":512,"height":512,"caption":"Le Petit Septi\u00e8me"},"image":{"@id":"https:\/\/lepetitseptieme.ca\/en\/#\/schema\/logo\/image\/"},"sameAs":["https:\/\/www.facebook.com\/pages\/Le-Petit-Septi\u00e8me\/494448933948121?ref=hl","https:\/\/x.com\/LePetitSeptieme","https:\/\/www.youtube.com\/channel\/UC5mdhI_jJvDN1I9fkk5RcIw"]}]}},"zion_builder_status":false,"_links":{"self":[{"href":"https:\/\/lepetitseptieme.ca\/en\/wp-json\/wp\/v2\/product\/7045","targetHints":{"allow":["GET"]}}],"collection":[{"href":"https:\/\/lepetitseptieme.ca\/en\/wp-json\/wp\/v2\/product"}],"about":[{"href":"https:\/\/lepetitseptieme.ca\/en\/wp-json\/wp\/v2\/types\/product"}],"replies":[{"embeddable":true,"href":"https:\/\/lepetitseptieme.ca\/en\/wp-json\/wp\/v2\/comments?post=7045"}],"wp:featuredmedia":[{"embeddable":true,"href":"https:\/\/lepetitseptieme.ca\/en\/wp-json\/wp\/v2\/media\/3328"}],"wp:attachment":[{"href":"https:\/\/lepetitseptieme.ca\/en\/wp-json\/wp\/v2\/media?parent=7045"}],"wp:term":[{"taxonomy":"product_brand","embeddable":true,"href":"https:\/\/lepetitseptieme.ca\/en\/wp-json\/wp\/v2\/product_brand?post=7045"},{"taxonomy":"product_cat","embeddable":true,"href":"https:\/\/lepetitseptieme.ca\/en\/wp-json\/wp\/v2\/product_cat?post=7045"},{"taxonomy":"product_tag","embeddable":true,"href":"https:\/\/lepetitseptieme.ca\/en\/wp-json\/wp\/v2\/product_tag?post=7045"}],"curies":[{"name":"wp","href":"https:\/\/api.w.org\/{rel}","templated":true}]}}