{"id":27497,"date":"2022-01-21T20:45:36","date_gmt":"2022-01-22T01:45:36","guid":{"rendered":"https:\/\/lepetitseptieme.ca\/?post_type=product&#038;p=27497"},"modified":"2025-11-11T13:18:00","modified_gmt":"2025-11-11T18:18:00","slug":"francophone-immigrant-stories-online-viewing-fahim-the-little-chess-prince","status":"publish","type":"product","link":"https:\/\/lepetitseptieme.ca\/en\/produit\/francophone-immigrant-stories-online-viewing-fahim-the-little-chess-prince\/","title":{"rendered":"Francophone Immigrant Stories &#8211; Online Viewing : Fahim, The Little Chess Prince"},"content":{"rendered":"<p>1 ticket to watch the film Fahim (Pierre Fran\u00e7ois Martin-Laval), with G\u00e9rard Depardieu and Isabelle Nanty, on January 28-29 2022.<\/p>\n<p>The film is presented free of charge, but upon reservation, as part of the Francophone Immigrant Storiess event, presented by Cin\u00e9Franco.<\/p>\n<p>The movie will be available from the 28th at 9 AM, to the 29th at 11:59 PM.<\/p>\n<h4>Resume of the movie<\/h4>\n<p>Forced to flee his native Bangladesh, eight year-old chess prodigy Fahim arrives in Paris with his father. Refused asylum, as illegal immigrants they spiral downwards into homelessness and desperation. By a stroke of luck, Fahim is introduced to one of France\u2019s top chess coaches, Sylvain, who tutors him and gives him a sense of purpose \u2013 his struggles on the chessboard mirroring both his victories and his crushing defeats in his battle for a normal life. Fahim then rises through local and national tournaments only to be crowned France\u2019s Under-12 Chess Champion in 2012.<\/p>\n","protected":false},"excerpt":{"rendered":"<p><span style=\"color: #ff0000;\">* Please note that this product is no longer available. Subscribe to our newsletter so you don&#8217;t miss our next broadcast.<\/span><\/p>\n<p>1 ticket to watch the film Fahim (Pierre Fran\u00e7ois Martin-Laval), with G\u00e9rard Depardieu and Isabelle Nanty.<\/p>\n<p>The film is presented free of charge, but upon reservation, as part of the Francophone Immigrant Storiess event, presented by Cin\u00e9Franco.<\/p>\n","protected":false},"featured_media":27522,"comment_status":"open","ping_status":"closed","template":"","meta":{"_acf_changed":false,"site-sidebar-layout":"default","site-content-layout":"default","ast-site-content-layout":"default","site-content-style":"default","site-sidebar-style":"default","ast-global-header-display":"","ast-banner-title-visibility":"","ast-main-header-display":"","ast-hfb-above-header-display":"","ast-hfb-below-header-display":"","ast-hfb-mobile-header-display":"","site-post-title":"","ast-breadcrumbs-content":"","ast-featured-img":"","footer-sml-layout":"","ast-disable-related-posts":"","theme-transparent-header-meta":"","adv-header-id-meta":"","stick-header-meta":"","header-above-stick-meta":"","header-main-stick-meta":"","header-below-stick-meta":"","astra-migrate-meta-layouts":"default","ast-page-background-enabled":"default","ast-page-background-meta":{"desktop":{"background-color":"var(--ast-global-color-4)","background-image":"","background-repeat":"repeat","background-position":"center center","background-size":"auto","background-attachment":"scroll","background-type":"","background-media":"","overlay-type":"","overlay-color":"","overlay-opacity":"","overlay-gradient":""},"tablet":{"background-color":"","background-image":"","background-repeat":"repeat","background-position":"center center","background-size":"auto","background-attachment":"scroll","background-type":"","background-media":"","overlay-type":"","overlay-color":"","overlay-opacity":"","overlay-gradient":""},"mobile":{"background-color":"","background-image":"","background-repeat":"repeat","background-position":"center center","background-size":"auto","background-attachment":"scroll","background-type":"","background-media":"","overlay-type":"","overlay-color":"","overlay-opacity":"","overlay-gradient":""}},"ast-content-background-meta":{"desktop":{"background-color":"var(--ast-global-color-5)","background-image":"","background-repeat":"repeat","background-position":"center center","background-size":"auto","background-attachment":"scroll","background-type":"","background-media":"","overlay-type":"","overlay-color":"","overlay-opacity":"","overlay-gradient":""},"tablet":{"background-color":"var(--ast-global-color-5)","background-image":"","background-repeat":"repeat","background-position":"center center","background-size":"auto","background-attachment":"scroll","background-type":"","background-media":"","overlay-type":"","overlay-color":"","overlay-opacity":"","overlay-gradient":""},"mobile":{"background-color":"var(--ast-global-color-5)","background-image":"","background-repeat":"repeat","background-position":"center center","background-size":"auto","background-attachment":"scroll","background-type":"","background-media":"","overlay-type":"","overlay-color":"","overlay-opacity":"","overlay-gradient":""}}},"product_brand":[],"product_cat":[22122],"product_tag":[22123],"class_list":{"0":"post-27497","1":"product","2":"type-product","3":"status-publish","4":"has-post-thumbnail","6":"product_cat-visionnement-de-film-en-ligne-en","7":"product_tag-films-gratuits-en","8":"desktop-align-left","9":"tablet-align-left","10":"mobile-align-left","12":"first","13":"outofstock","14":"downloadable","15":"virtual","16":"sold-individually","17":"taxable","18":"purchasable","19":"product-type-simple"},"acf":[],"yoast_head":"<!-- This site is optimized with the Yoast SEO plugin v27.1.1 - https:\/\/yoast.com\/product\/yoast-seo-wordpress\/ -->\n<title>Francophone Immigrant Stories - Online Viewing : Fahim, The Little Chess Prince - Le petit septi\u00e8me<\/title>\n<meta name=\"description\" content=\"Ticket purchase for online viewing: Fahim. The film is available on Le Petit Septi\u00e8me Live and on Cin\u00e9Franco on January 28 and 29, 2022.\" \/>\n<meta name=\"robots\" content=\"index, follow, max-snippet:-1, max-image-preview:large, max-video-preview:-1\" \/>\n<link rel=\"canonical\" href=\"https:\/\/lepetitseptieme.ca\/en\/produit\/francophone-immigrant-stories-online-viewing-fahim-the-little-chess-prince\/\" \/>\n<meta property=\"og:locale\" content=\"en_US\" \/>\n<meta property=\"og:type\" content=\"article\" \/>\n<meta property=\"og:title\" content=\"Francophone Immigrant Stories - Online Viewing : Fahim, The Little Chess Prince - Le petit septi\u00e8me\" \/>\n<meta property=\"og:description\" content=\"Ticket purchase for online viewing: Fahim. The film is available on Le Petit Septi\u00e8me Live and on Cin\u00e9Franco on January 28 and 29, 2022.\" \/>\n<meta property=\"og:url\" content=\"https:\/\/lepetitseptieme.ca\/en\/produit\/francophone-immigrant-stories-online-viewing-fahim-the-little-chess-prince\/\" \/>\n<meta property=\"og:site_name\" content=\"Le petit septi\u00e8me\" \/>\n<meta property=\"article:publisher\" content=\"https:\/\/www.facebook.com\/pages\/Le-Petit-Septi%c3%a8me\/494448933948121?ref=hl\" \/>\n<meta property=\"article:modified_time\" content=\"2025-11-11T18:18:00+00:00\" \/>\n<meta property=\"og:image\" content=\"https:\/\/lepetitseptieme.ca\/wp-content\/uploads\/2022\/01\/Header-billet-visionnement-en-ligne-Fahim-bilingue.jpg\" \/>\n\t<meta property=\"og:image:width\" content=\"2000\" \/>\n\t<meta property=\"og:image:height\" content=\"1221\" \/>\n\t<meta property=\"og:image:type\" content=\"image\/jpeg\" \/>\n<meta name=\"twitter:card\" content=\"summary_large_image\" \/>\n<meta name=\"twitter:site\" content=\"@LePetitSeptieme\" \/>\n<meta name=\"twitter:label1\" content=\"Est. reading time\" \/>\n\t<meta name=\"twitter:data1\" content=\"1 minute\" \/>\n<script type=\"application\/ld+json\" class=\"yoast-schema-graph\">{\"@context\":\"https:\/\/schema.org\",\"@graph\":[{\"@type\":\"WebPage\",\"@id\":\"https:\/\/lepetitseptieme.ca\/en\/produit\/francophone-immigrant-stories-online-viewing-fahim-the-little-chess-prince\/\",\"url\":\"https:\/\/lepetitseptieme.ca\/en\/produit\/francophone-immigrant-stories-online-viewing-fahim-the-little-chess-prince\/\",\"name\":\"Francophone Immigrant Stories - Online Viewing : Fahim, The Little Chess Prince - Le petit septi\u00e8me\",\"isPartOf\":{\"@id\":\"https:\/\/lepetitseptieme.ca\/en\/#website\"},\"primaryImageOfPage\":{\"@id\":\"https:\/\/lepetitseptieme.ca\/en\/produit\/francophone-immigrant-stories-online-viewing-fahim-the-little-chess-prince\/#primaryimage\"},\"image\":{\"@id\":\"https:\/\/lepetitseptieme.ca\/en\/produit\/francophone-immigrant-stories-online-viewing-fahim-the-little-chess-prince\/#primaryimage\"},\"thumbnailUrl\":\"https:\/\/lepetitseptieme.ca\/wp-content\/uploads\/2022\/01\/Header-billet-visionnement-en-ligne-Fahim-bilingue.jpg\",\"datePublished\":\"2022-01-22T01:45:36+00:00\",\"dateModified\":\"2025-11-11T18:18:00+00:00\",\"description\":\"Ticket purchase for online viewing: Fahim. The film is available on Le Petit Septi\u00e8me Live and on Cin\u00e9Franco on January 28 and 29, 2022.\",\"breadcrumb\":{\"@id\":\"https:\/\/lepetitseptieme.ca\/en\/produit\/francophone-immigrant-stories-online-viewing-fahim-the-little-chess-prince\/#breadcrumb\"},\"inLanguage\":\"en-US\",\"potentialAction\":[{\"@type\":\"ReadAction\",\"target\":[\"https:\/\/lepetitseptieme.ca\/en\/produit\/francophone-immigrant-stories-online-viewing-fahim-the-little-chess-prince\/\"]}]},{\"@type\":\"ImageObject\",\"inLanguage\":\"en-US\",\"@id\":\"https:\/\/lepetitseptieme.ca\/en\/produit\/francophone-immigrant-stories-online-viewing-fahim-the-little-chess-prince\/#primaryimage\",\"url\":\"https:\/\/lepetitseptieme.ca\/wp-content\/uploads\/2022\/01\/Header-billet-visionnement-en-ligne-Fahim-bilingue.jpg\",\"contentUrl\":\"https:\/\/lepetitseptieme.ca\/wp-content\/uploads\/2022\/01\/Header-billet-visionnement-en-ligne-Fahim-bilingue.jpg\",\"width\":2000,\"height\":1221},{\"@type\":\"BreadcrumbList\",\"@id\":\"https:\/\/lepetitseptieme.ca\/en\/produit\/francophone-immigrant-stories-online-viewing-fahim-the-little-chess-prince\/#breadcrumb\",\"itemListElement\":[{\"@type\":\"ListItem\",\"position\":1,\"name\":\"Home\",\"item\":\"https:\/\/lepetitseptieme.ca\/en\/\"},{\"@type\":\"ListItem\",\"position\":2,\"name\":\"Store\",\"item\":\"https:\/\/lepetitseptieme.ca\/boutique\/\"},{\"@type\":\"ListItem\",\"position\":3,\"name\":\"Francophone Immigrant Stories &#8211; Online Viewing : Fahim, The Little Chess Prince\"}]},{\"@type\":\"WebSite\",\"@id\":\"https:\/\/lepetitseptieme.ca\/en\/#website\",\"url\":\"https:\/\/lepetitseptieme.ca\/en\/\",\"name\":\"Le petit septi\u00e8me\",\"description\":\"Reviews and comments on Quebec, international and author cinema\",\"publisher\":{\"@id\":\"https:\/\/lepetitseptieme.ca\/en\/#organization\"},\"potentialAction\":[{\"@type\":\"SearchAction\",\"target\":{\"@type\":\"EntryPoint\",\"urlTemplate\":\"https:\/\/lepetitseptieme.ca\/en\/?s={search_term_string}\"},\"query-input\":{\"@type\":\"PropertyValueSpecification\",\"valueRequired\":true,\"valueName\":\"search_term_string\"}}],\"inLanguage\":\"en-US\"},{\"@type\":\"Organization\",\"@id\":\"https:\/\/lepetitseptieme.ca\/en\/#organization\",\"name\":\"Le Petit Septi\u00e8me\",\"url\":\"https:\/\/lepetitseptieme.ca\/en\/\",\"logo\":{\"@type\":\"ImageObject\",\"inLanguage\":\"en-US\",\"@id\":\"https:\/\/lepetitseptieme.ca\/en\/#\/schema\/logo\/image\/\",\"url\":\"https:\/\/lepetitseptieme.ca\/wp-content\/uploads\/2016\/05\/cropped-Logo-Le-Petit-Septi\u00e8me-2016-BW.png\",\"contentUrl\":\"https:\/\/lepetitseptieme.ca\/wp-content\/uploads\/2016\/05\/cropped-Logo-Le-Petit-Septi\u00e8me-2016-BW.png\",\"width\":512,\"height\":512,\"caption\":\"Le Petit Septi\u00e8me\"},\"image\":{\"@id\":\"https:\/\/lepetitseptieme.ca\/en\/#\/schema\/logo\/image\/\"},\"sameAs\":[\"https:\/\/www.facebook.com\/pages\/Le-Petit-Septi\u00e8me\/494448933948121?ref=hl\",\"https:\/\/x.com\/LePetitSeptieme\",\"https:\/\/www.youtube.com\/channel\/UC5mdhI_jJvDN1I9fkk5RcIw\"]}]}<\/script>\n<!-- \/ Yoast SEO plugin. -->","yoast_head_json":{"title":"Francophone Immigrant Stories - Online Viewing : Fahim, The Little Chess Prince - Le petit septi\u00e8me","description":"Ticket purchase for online viewing: Fahim. The film is available on Le Petit Septi\u00e8me Live and on Cin\u00e9Franco on January 28 and 29, 2022.","robots":{"index":"index","follow":"follow","max-snippet":"max-snippet:-1","max-image-preview":"max-image-preview:large","max-video-preview":"max-video-preview:-1"},"canonical":"https:\/\/lepetitseptieme.ca\/en\/produit\/francophone-immigrant-stories-online-viewing-fahim-the-little-chess-prince\/","og_locale":"en_US","og_type":"article","og_title":"Francophone Immigrant Stories - Online Viewing : Fahim, The Little Chess Prince - Le petit septi\u00e8me","og_description":"Ticket purchase for online viewing: Fahim. The film is available on Le Petit Septi\u00e8me Live and on Cin\u00e9Franco on January 28 and 29, 2022.","og_url":"https:\/\/lepetitseptieme.ca\/en\/produit\/francophone-immigrant-stories-online-viewing-fahim-the-little-chess-prince\/","og_site_name":"Le petit septi\u00e8me","article_publisher":"https:\/\/www.facebook.com\/pages\/Le-Petit-Septi%c3%a8me\/494448933948121?ref=hl","article_modified_time":"2025-11-11T18:18:00+00:00","og_image":[{"width":2000,"height":1221,"url":"https:\/\/lepetitseptieme.ca\/wp-content\/uploads\/2022\/01\/Header-billet-visionnement-en-ligne-Fahim-bilingue.jpg","type":"image\/jpeg"}],"twitter_card":"summary_large_image","twitter_site":"@LePetitSeptieme","twitter_misc":{"Est. reading time":"1 minute"},"schema":{"@context":"https:\/\/schema.org","@graph":[{"@type":"WebPage","@id":"https:\/\/lepetitseptieme.ca\/en\/produit\/francophone-immigrant-stories-online-viewing-fahim-the-little-chess-prince\/","url":"https:\/\/lepetitseptieme.ca\/en\/produit\/francophone-immigrant-stories-online-viewing-fahim-the-little-chess-prince\/","name":"Francophone Immigrant Stories - Online Viewing : Fahim, The Little Chess Prince - Le petit septi\u00e8me","isPartOf":{"@id":"https:\/\/lepetitseptieme.ca\/en\/#website"},"primaryImageOfPage":{"@id":"https:\/\/lepetitseptieme.ca\/en\/produit\/francophone-immigrant-stories-online-viewing-fahim-the-little-chess-prince\/#primaryimage"},"image":{"@id":"https:\/\/lepetitseptieme.ca\/en\/produit\/francophone-immigrant-stories-online-viewing-fahim-the-little-chess-prince\/#primaryimage"},"thumbnailUrl":"https:\/\/lepetitseptieme.ca\/wp-content\/uploads\/2022\/01\/Header-billet-visionnement-en-ligne-Fahim-bilingue.jpg","datePublished":"2022-01-22T01:45:36+00:00","dateModified":"2025-11-11T18:18:00+00:00","description":"Ticket purchase for online viewing: Fahim. The film is available on Le Petit Septi\u00e8me Live and on Cin\u00e9Franco on January 28 and 29, 2022.","breadcrumb":{"@id":"https:\/\/lepetitseptieme.ca\/en\/produit\/francophone-immigrant-stories-online-viewing-fahim-the-little-chess-prince\/#breadcrumb"},"inLanguage":"en-US","potentialAction":[{"@type":"ReadAction","target":["https:\/\/lepetitseptieme.ca\/en\/produit\/francophone-immigrant-stories-online-viewing-fahim-the-little-chess-prince\/"]}]},{"@type":"ImageObject","inLanguage":"en-US","@id":"https:\/\/lepetitseptieme.ca\/en\/produit\/francophone-immigrant-stories-online-viewing-fahim-the-little-chess-prince\/#primaryimage","url":"https:\/\/lepetitseptieme.ca\/wp-content\/uploads\/2022\/01\/Header-billet-visionnement-en-ligne-Fahim-bilingue.jpg","contentUrl":"https:\/\/lepetitseptieme.ca\/wp-content\/uploads\/2022\/01\/Header-billet-visionnement-en-ligne-Fahim-bilingue.jpg","width":2000,"height":1221},{"@type":"BreadcrumbList","@id":"https:\/\/lepetitseptieme.ca\/en\/produit\/francophone-immigrant-stories-online-viewing-fahim-the-little-chess-prince\/#breadcrumb","itemListElement":[{"@type":"ListItem","position":1,"name":"Home","item":"https:\/\/lepetitseptieme.ca\/en\/"},{"@type":"ListItem","position":2,"name":"Store","item":"https:\/\/lepetitseptieme.ca\/boutique\/"},{"@type":"ListItem","position":3,"name":"Francophone Immigrant Stories &#8211; Online Viewing : Fahim, The Little Chess Prince"}]},{"@type":"WebSite","@id":"https:\/\/lepetitseptieme.ca\/en\/#website","url":"https:\/\/lepetitseptieme.ca\/en\/","name":"Le petit septi\u00e8me","description":"Reviews and comments on Quebec, international and author cinema","publisher":{"@id":"https:\/\/lepetitseptieme.ca\/en\/#organization"},"potentialAction":[{"@type":"SearchAction","target":{"@type":"EntryPoint","urlTemplate":"https:\/\/lepetitseptieme.ca\/en\/?s={search_term_string}"},"query-input":{"@type":"PropertyValueSpecification","valueRequired":true,"valueName":"search_term_string"}}],"inLanguage":"en-US"},{"@type":"Organization","@id":"https:\/\/lepetitseptieme.ca\/en\/#organization","name":"Le Petit Septi\u00e8me","url":"https:\/\/lepetitseptieme.ca\/en\/","logo":{"@type":"ImageObject","inLanguage":"en-US","@id":"https:\/\/lepetitseptieme.ca\/en\/#\/schema\/logo\/image\/","url":"https:\/\/lepetitseptieme.ca\/wp-content\/uploads\/2016\/05\/cropped-Logo-Le-Petit-Septi\u00e8me-2016-BW.png","contentUrl":"https:\/\/lepetitseptieme.ca\/wp-content\/uploads\/2016\/05\/cropped-Logo-Le-Petit-Septi\u00e8me-2016-BW.png","width":512,"height":512,"caption":"Le Petit Septi\u00e8me"},"image":{"@id":"https:\/\/lepetitseptieme.ca\/en\/#\/schema\/logo\/image\/"},"sameAs":["https:\/\/www.facebook.com\/pages\/Le-Petit-Septi\u00e8me\/494448933948121?ref=hl","https:\/\/x.com\/LePetitSeptieme","https:\/\/www.youtube.com\/channel\/UC5mdhI_jJvDN1I9fkk5RcIw"]}]}},"zion_builder_status":false,"_links":{"self":[{"href":"https:\/\/lepetitseptieme.ca\/en\/wp-json\/wp\/v2\/product\/27497","targetHints":{"allow":["GET"]}}],"collection":[{"href":"https:\/\/lepetitseptieme.ca\/en\/wp-json\/wp\/v2\/product"}],"about":[{"href":"https:\/\/lepetitseptieme.ca\/en\/wp-json\/wp\/v2\/types\/product"}],"replies":[{"embeddable":true,"href":"https:\/\/lepetitseptieme.ca\/en\/wp-json\/wp\/v2\/comments?post=27497"}],"wp:featuredmedia":[{"embeddable":true,"href":"https:\/\/lepetitseptieme.ca\/en\/wp-json\/wp\/v2\/media\/27522"}],"wp:attachment":[{"href":"https:\/\/lepetitseptieme.ca\/en\/wp-json\/wp\/v2\/media?parent=27497"}],"wp:term":[{"taxonomy":"product_brand","embeddable":true,"href":"https:\/\/lepetitseptieme.ca\/en\/wp-json\/wp\/v2\/product_brand?post=27497"},{"taxonomy":"product_cat","embeddable":true,"href":"https:\/\/lepetitseptieme.ca\/en\/wp-json\/wp\/v2\/product_cat?post=27497"},{"taxonomy":"product_tag","embeddable":true,"href":"https:\/\/lepetitseptieme.ca\/en\/wp-json\/wp\/v2\/product_tag?post=27497"}],"curies":[{"name":"wp","href":"https:\/\/api.w.org\/{rel}","templated":true}]}}