{"id":30403,"date":"2022-06-08T11:48:32","date_gmt":"2022-06-08T15:48:32","guid":{"rendered":"https:\/\/lepetitseptieme.ca\/?page_id=30403"},"modified":"2022-06-08T12:03:29","modified_gmt":"2022-06-08T16:03:29","slug":"giveaway-premiere-two-straight-girls-at-a-queer-fest","status":"publish","type":"page","link":"https:\/\/lepetitseptieme.ca\/en\/contests\/giveaway-premiere-two-straight-girls-at-a-queer-fest\/","title":{"rendered":"Giveaway &#8211; Premi\u00e8re Two Straight Girls at a Queer Fest"},"content":{"rendered":"\n<p>In collaboration with UniAction films and Les Films de L&#8217;Hydre, Le Petit Septi\u00e8me is giving away 10 pairs of tickets for the premiere of the film, this June 15, at the Cin\u00e9ma du Parc, from 6:30 p.m.<\/p>\n\n\n\n<p>The film has just won the prize for the best LGBTQ+ project at the SIFA Festival. The winners will have the chance to meet the film&#8217;s team (director Marie-H\u00e9l\u00e8ne Panisset, actress Judith Baribeau, composer Charles Papasoff, and singer-songwriter of the film&#8217;s theme Diane Tell), without forgetting a part of our fabulous team \ud83d\ude09 .<\/p>\n\n\n\n<p>The screening will be subtitled in French and will start at 7 p.m.<\/p>\n\n\n\n<p>Winners will be announced June 13, 2022.To participate, all you have to do is fill out the form <i class=\"fas fa-arrow-alt-circle-down \" ><\/i><\/p>\n\n\n\n<div class=\"wpforms-container wpforms-container-full\" id=\"wpforms-30397\"><form id=\"wpforms-form-30397\" class=\"wpforms-validate wpforms-form wpforms-ajax-form\" data-formid=\"30397\" method=\"post\" enctype=\"multipart\/form-data\" action=\"\/en\/wp-json\/wp\/v2\/pages\/30403\" data-token=\"385ad61a338a8611b09e99291968f826\" data-token-time=\"1776191768\"><noscript class=\"wpforms-error-noscript\">Please enable JavaScript in your browser to complete this form.<\/noscript><div class=\"wpforms-field-container\"><div id=\"wpforms-30397-field_1-container\" class=\"wpforms-field wpforms-field-name\" data-field-id=\"1\"><label class=\"wpforms-field-label\">Name <span class=\"wpforms-required-label\">*<\/span><\/label><div class=\"wpforms-field-row wpforms-field-medium\"><div class=\"wpforms-field-row-block wpforms-first wpforms-one-half\"><input type=\"text\" id=\"wpforms-30397-field_1\" class=\"wpforms-field-name-first wpforms-field-required\" name=\"wpforms[fields][1][first]\" required><label for=\"wpforms-30397-field_1\" class=\"wpforms-field-sublabel after\">First<\/label><\/div><div class=\"wpforms-field-row-block wpforms-one-half\"><input type=\"text\" id=\"wpforms-30397-field_1-last\" class=\"wpforms-field-name-last wpforms-field-required\" name=\"wpforms[fields][1][last]\" required><label for=\"wpforms-30397-field_1-last\" class=\"wpforms-field-sublabel after\">Last<\/label><\/div><\/div><\/div><div id=\"wpforms-30397-field_2-container\" class=\"wpforms-field wpforms-field-email\" data-field-id=\"2\"><label class=\"wpforms-field-label\" for=\"wpforms-30397-field_2\">Email <span class=\"wpforms-required-label\">*<\/span><\/label><input type=\"email\" id=\"wpforms-30397-field_2\" class=\"wpforms-field-medium wpforms-field-required\" name=\"wpforms[fields][2]\" spellcheck=\"false\" required><\/div><div id=\"wpforms-30397-field_3-container\" class=\"wpforms-field wpforms-field-text\" data-field-id=\"3\"><label class=\"wpforms-field-label\" for=\"wpforms-30397-field_3\">Phone number (if we cannot reach you by email)<\/label><input type=\"text\" id=\"wpforms-30397-field_3\" class=\"wpforms-field-medium\" name=\"wpforms[fields][3]\" ><\/div><div id=\"wpforms-30397-field_4-container\" class=\"wpforms-field wpforms-field-mailchimp\" data-field-id=\"4\"><ul id=\"\" class=\"\"><li class=\"choice-0 depth-1\"><input type=\"checkbox\" id=\"wpforms-30397-field_4_0\" name=\"wpforms[fields][4]\" value=\"1\"  ><label class=\"wpforms-field-label-inline\" for=\"wpforms-30397-field_4_0\">Check to subscribe to our newsletter?<\/label><\/li><\/ul><\/div><\/div><!-- .wpforms-field-container --><div class=\"wpforms-submit-container\" ><input type=\"hidden\" name=\"wpforms[id]\" value=\"30397\"><input type=\"hidden\" name=\"page_title\" value=\"\"><input type=\"hidden\" name=\"page_url\" value=\"https:\/\/lepetitseptieme.ca\/en\/wp-json\/wp\/v2\/pages\/30403\"><input type=\"hidden\" name=\"url_referer\" value=\"\"><button type=\"submit\" name=\"wpforms[submit]\" id=\"wpforms-submit-30397\" class=\"wpforms-submit\" data-alt-text=\"Sending...\" data-submit-text=\"Send\" aria-live=\"assertive\" value=\"wpforms-submit\">Send<\/button><img loading=\"lazy\" decoding=\"async\" src=\"https:\/\/lepetitseptieme.ca\/wp-content\/plugins\/wpforms-lite\/assets\/images\/submit-spin.svg\" class=\"wpforms-submit-spinner\" style=\"display: none;\" width=\"26\" height=\"26\" alt=\"Loading\"><\/div><\/form><\/div>  <!-- .wpforms-container -->\n","protected":false},"excerpt":{"rendered":"<p>In collaboration with UniAction films and Les Films de L&#8217;Hydre, Le Petit Septi\u00e8me is giving away 10 pairs of tickets for the premiere of the film, this June 15, at the Cin\u00e9ma du Parc, from 6:30 p.m. The film has just won the prize for the best LGBTQ+ project at the SIFA Festival. The winners [&hellip;]<\/p>\n","protected":false},"author":2,"featured_media":30390,"parent":7165,"menu_order":7,"comment_status":"closed","ping_status":"closed","template":"","meta":{"_acf_changed":false,"site-sidebar-layout":"default","site-content-layout":"","ast-site-content-layout":"default","site-content-style":"default","site-sidebar-style":"default","ast-global-header-display":"","ast-banner-title-visibility":"","ast-main-header-display":"","ast-hfb-above-header-display":"","ast-hfb-below-header-display":"","ast-hfb-mobile-header-display":"","site-post-title":"","ast-breadcrumbs-content":"","ast-featured-img":"","footer-sml-layout":"","ast-disable-related-posts":"","theme-transparent-header-meta":"","adv-header-id-meta":"","stick-header-meta":"","header-above-stick-meta":"","header-main-stick-meta":"","header-below-stick-meta":"","astra-migrate-meta-layouts":"default","ast-page-background-enabled":"default","ast-page-background-meta":{"desktop":{"background-color":"var(--ast-global-color-4)","background-image":"","background-repeat":"repeat","background-position":"center center","background-size":"auto","background-attachment":"scroll","background-type":"","background-media":"","overlay-type":"","overlay-color":"","overlay-opacity":"","overlay-gradient":""},"tablet":{"background-color":"","background-image":"","background-repeat":"repeat","background-position":"center center","background-size":"auto","background-attachment":"scroll","background-type":"","background-media":"","overlay-type":"","overlay-color":"","overlay-opacity":"","overlay-gradient":""},"mobile":{"background-color":"","background-image":"","background-repeat":"repeat","background-position":"center center","background-size":"auto","background-attachment":"scroll","background-type":"","background-media":"","overlay-type":"","overlay-color":"","overlay-opacity":"","overlay-gradient":""}},"ast-content-background-meta":{"desktop":{"background-color":"var(--ast-global-color-5)","background-image":"","background-repeat":"repeat","background-position":"center center","background-size":"auto","background-attachment":"scroll","background-type":"","background-media":"","overlay-type":"","overlay-color":"","overlay-opacity":"","overlay-gradient":""},"tablet":{"background-color":"var(--ast-global-color-5)","background-image":"","background-repeat":"repeat","background-position":"center center","background-size":"auto","background-attachment":"scroll","background-type":"","background-media":"","overlay-type":"","overlay-color":"","overlay-opacity":"","overlay-gradient":""},"mobile":{"background-color":"var(--ast-global-color-5)","background-image":"","background-repeat":"repeat","background-position":"center center","background-size":"auto","background-attachment":"scroll","background-type":"","background-media":"","overlay-type":"","overlay-color":"","overlay-opacity":"","overlay-gradient":""}},"footnotes":""},"class_list":["post-30403","page","type-page","status-publish","has-post-thumbnail","hentry"],"acf":[],"yoast_head":"<!-- This site is optimized with the Yoast SEO plugin v27.1.1 - https:\/\/yoast.com\/product\/yoast-seo-wordpress\/ -->\n<title>Giveaway - Premi\u00e8re Two Straight Girls at a Queer Fest - Le petit septi\u00e8me<\/title>\n<meta name=\"description\" content=\"Giveaway - In collaboration with UniAction films and Les Films de L&#039;Hydre, Le Petit Septi\u00e8me is giving away 10 pairs of tickets for the film&#039;s premiere, this June 15, at the Cin\u00e9ma du Parc, from 6:30 p.m.\" \/>\n<meta name=\"robots\" content=\"index, follow, max-snippet:-1, max-image-preview:large, max-video-preview:-1\" \/>\n<link rel=\"canonical\" href=\"https:\/\/lepetitseptieme.ca\/en\/contests\/giveaway-premiere-two-straight-girls-at-a-queer-fest\/\" \/>\n<meta property=\"og:locale\" content=\"en_US\" \/>\n<meta property=\"og:type\" content=\"article\" \/>\n<meta property=\"og:title\" content=\"Giveaway - Premi\u00e8re Two Straight Girls at a Queer Fest\" \/>\n<meta property=\"og:description\" content=\"Giveaway - In collaboration with UniAction films and Les Films de L&#039;Hydre, Le Petit Septi\u00e8me is giving away 10 pairs of tickets for the film&#039;s premiere, this June 15, at the Cin\u00e9ma du Parc, from 6:30 p.m.\" \/>\n<meta property=\"og:url\" content=\"https:\/\/lepetitseptieme.ca\/en\/contests\/giveaway-premiere-two-straight-girls-at-a-queer-fest\/\" \/>\n<meta property=\"og:site_name\" content=\"Le petit septi\u00e8me\" \/>\n<meta property=\"article:publisher\" content=\"https:\/\/www.facebook.com\/pages\/Le-Petit-Septi%c3%a8me\/494448933948121?ref=hl\" \/>\n<meta property=\"article:modified_time\" content=\"2022-06-08T16:03:29+00:00\" \/>\n<meta property=\"og:image\" content=\"https:\/\/lepetitseptieme.ca\/wp-content\/uploads\/2022\/06\/Concours-Two-Straight-Girls-at-a-Queer-Fest-header.jpg\" \/>\n\t<meta property=\"og:image:width\" content=\"1500\" \/>\n\t<meta property=\"og:image:height\" content=\"843\" \/>\n\t<meta property=\"og:image:type\" content=\"image\/jpeg\" \/>\n<meta name=\"twitter:card\" content=\"summary_large_image\" \/>\n<meta name=\"twitter:title\" content=\"Giveaway - Premi\u00e8re Two Straight Girls at a Queer Fest\" \/>\n<meta name=\"twitter:description\" content=\"Giveaway - In collaboration with UniAction films and Les Films de L&#039;Hydre, Le Petit Septi\u00e8me is giving away 10 pairs of tickets for the film&#039;s premiere, this June 15, at the Cin\u00e9ma du Parc, from 6:30 p.m.\" \/>\n<meta name=\"twitter:image\" content=\"https:\/\/lepetitseptieme.ca\/wp-content\/uploads\/2022\/06\/Concours-Two-Straight-Girls-at-a-Queer-Fest-header.jpg\" \/>\n<meta name=\"twitter:site\" content=\"@LePetitSeptieme\" \/>\n<meta name=\"twitter:label1\" content=\"Est. reading time\" \/>\n\t<meta name=\"twitter:data1\" content=\"1 minute\" \/>\n<script type=\"application\/ld+json\" class=\"yoast-schema-graph\">{\"@context\":\"https:\/\/schema.org\",\"@graph\":[{\"@type\":\"WebPage\",\"@id\":\"https:\/\/lepetitseptieme.ca\/en\/contests\/giveaway-premiere-two-straight-girls-at-a-queer-fest\/\",\"url\":\"https:\/\/lepetitseptieme.ca\/en\/contests\/giveaway-premiere-two-straight-girls-at-a-queer-fest\/\",\"name\":\"Giveaway - Premi\u00e8re Two Straight Girls at a Queer Fest - Le petit septi\u00e8me\",\"isPartOf\":{\"@id\":\"https:\/\/lepetitseptieme.ca\/en\/#website\"},\"primaryImageOfPage\":{\"@id\":\"https:\/\/lepetitseptieme.ca\/en\/contests\/giveaway-premiere-two-straight-girls-at-a-queer-fest\/#primaryimage\"},\"image\":{\"@id\":\"https:\/\/lepetitseptieme.ca\/en\/contests\/giveaway-premiere-two-straight-girls-at-a-queer-fest\/#primaryimage\"},\"thumbnailUrl\":\"https:\/\/lepetitseptieme.ca\/wp-content\/uploads\/2022\/06\/Concours-Two-Straight-Girls-at-a-Queer-Fest-header.jpg\",\"datePublished\":\"2022-06-08T15:48:32+00:00\",\"dateModified\":\"2022-06-08T16:03:29+00:00\",\"description\":\"Giveaway - In collaboration with UniAction films and Les Films de L'Hydre, Le Petit Septi\u00e8me is giving away 10 pairs of tickets for the film's premiere, this June 15, at the Cin\u00e9ma du Parc, from 6:30 p.m.\",\"breadcrumb\":{\"@id\":\"https:\/\/lepetitseptieme.ca\/en\/contests\/giveaway-premiere-two-straight-girls-at-a-queer-fest\/#breadcrumb\"},\"inLanguage\":\"en-US\",\"potentialAction\":[{\"@type\":\"ReadAction\",\"target\":[\"https:\/\/lepetitseptieme.ca\/en\/contests\/giveaway-premiere-two-straight-girls-at-a-queer-fest\/\"]}]},{\"@type\":\"ImageObject\",\"inLanguage\":\"en-US\",\"@id\":\"https:\/\/lepetitseptieme.ca\/en\/contests\/giveaway-premiere-two-straight-girls-at-a-queer-fest\/#primaryimage\",\"url\":\"https:\/\/lepetitseptieme.ca\/wp-content\/uploads\/2022\/06\/Concours-Two-Straight-Girls-at-a-Queer-Fest-header.jpg\",\"contentUrl\":\"https:\/\/lepetitseptieme.ca\/wp-content\/uploads\/2022\/06\/Concours-Two-Straight-Girls-at-a-Queer-Fest-header.jpg\",\"width\":1500,\"height\":843,\"caption\":\"Concours Two Straight Girls at a Queer Fest - header\"},{\"@type\":\"BreadcrumbList\",\"@id\":\"https:\/\/lepetitseptieme.ca\/en\/contests\/giveaway-premiere-two-straight-girls-at-a-queer-fest\/#breadcrumb\",\"itemListElement\":[{\"@type\":\"ListItem\",\"position\":1,\"name\":\"Home\",\"item\":\"https:\/\/lepetitseptieme.ca\/en\/\"},{\"@type\":\"ListItem\",\"position\":2,\"name\":\"Contests\",\"item\":\"https:\/\/lepetitseptieme.ca\/en\/concours\/\"},{\"@type\":\"ListItem\",\"position\":3,\"name\":\"Giveaway &#8211; Premi\u00e8re Two Straight Girls at a Queer Fest\"}]},{\"@type\":\"WebSite\",\"@id\":\"https:\/\/lepetitseptieme.ca\/en\/#website\",\"url\":\"https:\/\/lepetitseptieme.ca\/en\/\",\"name\":\"Le petit septi\u00e8me\",\"description\":\"Reviews and comments on Quebec, international and author cinema\",\"publisher\":{\"@id\":\"https:\/\/lepetitseptieme.ca\/en\/#organization\"},\"potentialAction\":[{\"@type\":\"SearchAction\",\"target\":{\"@type\":\"EntryPoint\",\"urlTemplate\":\"https:\/\/lepetitseptieme.ca\/en\/?s={search_term_string}\"},\"query-input\":{\"@type\":\"PropertyValueSpecification\",\"valueRequired\":true,\"valueName\":\"search_term_string\"}}],\"inLanguage\":\"en-US\"},{\"@type\":\"Organization\",\"@id\":\"https:\/\/lepetitseptieme.ca\/en\/#organization\",\"name\":\"Le Petit Septi\u00e8me\",\"url\":\"https:\/\/lepetitseptieme.ca\/en\/\",\"logo\":{\"@type\":\"ImageObject\",\"inLanguage\":\"en-US\",\"@id\":\"https:\/\/lepetitseptieme.ca\/en\/#\/schema\/logo\/image\/\",\"url\":\"https:\/\/lepetitseptieme.ca\/wp-content\/uploads\/2016\/05\/cropped-Logo-Le-Petit-Septi\u00e8me-2016-BW.png\",\"contentUrl\":\"https:\/\/lepetitseptieme.ca\/wp-content\/uploads\/2016\/05\/cropped-Logo-Le-Petit-Septi\u00e8me-2016-BW.png\",\"width\":512,\"height\":512,\"caption\":\"Le Petit Septi\u00e8me\"},\"image\":{\"@id\":\"https:\/\/lepetitseptieme.ca\/en\/#\/schema\/logo\/image\/\"},\"sameAs\":[\"https:\/\/www.facebook.com\/pages\/Le-Petit-Septi\u00e8me\/494448933948121?ref=hl\",\"https:\/\/x.com\/LePetitSeptieme\",\"https:\/\/www.youtube.com\/channel\/UC5mdhI_jJvDN1I9fkk5RcIw\"]}]}<\/script>\n<!-- \/ Yoast SEO plugin. -->","yoast_head_json":{"title":"Giveaway - Premi\u00e8re Two Straight Girls at a Queer Fest - Le petit septi\u00e8me","description":"Giveaway - In collaboration with UniAction films and Les Films de L'Hydre, Le Petit Septi\u00e8me is giving away 10 pairs of tickets for the film's premiere, this June 15, at the Cin\u00e9ma du Parc, from 6:30 p.m.","robots":{"index":"index","follow":"follow","max-snippet":"max-snippet:-1","max-image-preview":"max-image-preview:large","max-video-preview":"max-video-preview:-1"},"canonical":"https:\/\/lepetitseptieme.ca\/en\/contests\/giveaway-premiere-two-straight-girls-at-a-queer-fest\/","og_locale":"en_US","og_type":"article","og_title":"Giveaway - Premi\u00e8re Two Straight Girls at a Queer Fest","og_description":"Giveaway - In collaboration with UniAction films and Les Films de L'Hydre, Le Petit Septi\u00e8me is giving away 10 pairs of tickets for the film's premiere, this June 15, at the Cin\u00e9ma du Parc, from 6:30 p.m.","og_url":"https:\/\/lepetitseptieme.ca\/en\/contests\/giveaway-premiere-two-straight-girls-at-a-queer-fest\/","og_site_name":"Le petit septi\u00e8me","article_publisher":"https:\/\/www.facebook.com\/pages\/Le-Petit-Septi%c3%a8me\/494448933948121?ref=hl","article_modified_time":"2022-06-08T16:03:29+00:00","og_image":[{"width":1500,"height":843,"url":"https:\/\/lepetitseptieme.ca\/wp-content\/uploads\/2022\/06\/Concours-Two-Straight-Girls-at-a-Queer-Fest-header.jpg","type":"image\/jpeg"}],"twitter_card":"summary_large_image","twitter_title":"Giveaway - Premi\u00e8re Two Straight Girls at a Queer Fest","twitter_description":"Giveaway - In collaboration with UniAction films and Les Films de L'Hydre, Le Petit Septi\u00e8me is giving away 10 pairs of tickets for the film's premiere, this June 15, at the Cin\u00e9ma du Parc, from 6:30 p.m.","twitter_image":"https:\/\/lepetitseptieme.ca\/wp-content\/uploads\/2022\/06\/Concours-Two-Straight-Girls-at-a-Queer-Fest-header.jpg","twitter_site":"@LePetitSeptieme","twitter_misc":{"Est. reading time":"1 minute"},"schema":{"@context":"https:\/\/schema.org","@graph":[{"@type":"WebPage","@id":"https:\/\/lepetitseptieme.ca\/en\/contests\/giveaway-premiere-two-straight-girls-at-a-queer-fest\/","url":"https:\/\/lepetitseptieme.ca\/en\/contests\/giveaway-premiere-two-straight-girls-at-a-queer-fest\/","name":"Giveaway - Premi\u00e8re Two Straight Girls at a Queer Fest - Le petit septi\u00e8me","isPartOf":{"@id":"https:\/\/lepetitseptieme.ca\/en\/#website"},"primaryImageOfPage":{"@id":"https:\/\/lepetitseptieme.ca\/en\/contests\/giveaway-premiere-two-straight-girls-at-a-queer-fest\/#primaryimage"},"image":{"@id":"https:\/\/lepetitseptieme.ca\/en\/contests\/giveaway-premiere-two-straight-girls-at-a-queer-fest\/#primaryimage"},"thumbnailUrl":"https:\/\/lepetitseptieme.ca\/wp-content\/uploads\/2022\/06\/Concours-Two-Straight-Girls-at-a-Queer-Fest-header.jpg","datePublished":"2022-06-08T15:48:32+00:00","dateModified":"2022-06-08T16:03:29+00:00","description":"Giveaway - In collaboration with UniAction films and Les Films de L'Hydre, Le Petit Septi\u00e8me is giving away 10 pairs of tickets for the film's premiere, this June 15, at the Cin\u00e9ma du Parc, from 6:30 p.m.","breadcrumb":{"@id":"https:\/\/lepetitseptieme.ca\/en\/contests\/giveaway-premiere-two-straight-girls-at-a-queer-fest\/#breadcrumb"},"inLanguage":"en-US","potentialAction":[{"@type":"ReadAction","target":["https:\/\/lepetitseptieme.ca\/en\/contests\/giveaway-premiere-two-straight-girls-at-a-queer-fest\/"]}]},{"@type":"ImageObject","inLanguage":"en-US","@id":"https:\/\/lepetitseptieme.ca\/en\/contests\/giveaway-premiere-two-straight-girls-at-a-queer-fest\/#primaryimage","url":"https:\/\/lepetitseptieme.ca\/wp-content\/uploads\/2022\/06\/Concours-Two-Straight-Girls-at-a-Queer-Fest-header.jpg","contentUrl":"https:\/\/lepetitseptieme.ca\/wp-content\/uploads\/2022\/06\/Concours-Two-Straight-Girls-at-a-Queer-Fest-header.jpg","width":1500,"height":843,"caption":"Concours Two Straight Girls at a Queer Fest - header"},{"@type":"BreadcrumbList","@id":"https:\/\/lepetitseptieme.ca\/en\/contests\/giveaway-premiere-two-straight-girls-at-a-queer-fest\/#breadcrumb","itemListElement":[{"@type":"ListItem","position":1,"name":"Home","item":"https:\/\/lepetitseptieme.ca\/en\/"},{"@type":"ListItem","position":2,"name":"Contests","item":"https:\/\/lepetitseptieme.ca\/en\/concours\/"},{"@type":"ListItem","position":3,"name":"Giveaway &#8211; Premi\u00e8re Two Straight Girls at a Queer Fest"}]},{"@type":"WebSite","@id":"https:\/\/lepetitseptieme.ca\/en\/#website","url":"https:\/\/lepetitseptieme.ca\/en\/","name":"Le petit septi\u00e8me","description":"Reviews and comments on Quebec, international and author cinema","publisher":{"@id":"https:\/\/lepetitseptieme.ca\/en\/#organization"},"potentialAction":[{"@type":"SearchAction","target":{"@type":"EntryPoint","urlTemplate":"https:\/\/lepetitseptieme.ca\/en\/?s={search_term_string}"},"query-input":{"@type":"PropertyValueSpecification","valueRequired":true,"valueName":"search_term_string"}}],"inLanguage":"en-US"},{"@type":"Organization","@id":"https:\/\/lepetitseptieme.ca\/en\/#organization","name":"Le Petit Septi\u00e8me","url":"https:\/\/lepetitseptieme.ca\/en\/","logo":{"@type":"ImageObject","inLanguage":"en-US","@id":"https:\/\/lepetitseptieme.ca\/en\/#\/schema\/logo\/image\/","url":"https:\/\/lepetitseptieme.ca\/wp-content\/uploads\/2016\/05\/cropped-Logo-Le-Petit-Septi\u00e8me-2016-BW.png","contentUrl":"https:\/\/lepetitseptieme.ca\/wp-content\/uploads\/2016\/05\/cropped-Logo-Le-Petit-Septi\u00e8me-2016-BW.png","width":512,"height":512,"caption":"Le Petit Septi\u00e8me"},"image":{"@id":"https:\/\/lepetitseptieme.ca\/en\/#\/schema\/logo\/image\/"},"sameAs":["https:\/\/www.facebook.com\/pages\/Le-Petit-Septi\u00e8me\/494448933948121?ref=hl","https:\/\/x.com\/LePetitSeptieme","https:\/\/www.youtube.com\/channel\/UC5mdhI_jJvDN1I9fkk5RcIw"]}]}},"zion_builder_status":false,"_links":{"self":[{"href":"https:\/\/lepetitseptieme.ca\/en\/wp-json\/wp\/v2\/pages\/30403","targetHints":{"allow":["GET"]}}],"collection":[{"href":"https:\/\/lepetitseptieme.ca\/en\/wp-json\/wp\/v2\/pages"}],"about":[{"href":"https:\/\/lepetitseptieme.ca\/en\/wp-json\/wp\/v2\/types\/page"}],"author":[{"embeddable":true,"href":"https:\/\/lepetitseptieme.ca\/en\/wp-json\/wp\/v2\/users\/2"}],"replies":[{"embeddable":true,"href":"https:\/\/lepetitseptieme.ca\/en\/wp-json\/wp\/v2\/comments?post=30403"}],"version-history":[{"count":1,"href":"https:\/\/lepetitseptieme.ca\/en\/wp-json\/wp\/v2\/pages\/30403\/revisions"}],"predecessor-version":[{"id":30404,"href":"https:\/\/lepetitseptieme.ca\/en\/wp-json\/wp\/v2\/pages\/30403\/revisions\/30404"}],"up":[{"embeddable":true,"href":"https:\/\/lepetitseptieme.ca\/en\/wp-json\/wp\/v2\/pages\/7165"}],"wp:featuredmedia":[{"embeddable":true,"href":"https:\/\/lepetitseptieme.ca\/en\/wp-json\/wp\/v2\/media\/30390"}],"wp:attachment":[{"href":"https:\/\/lepetitseptieme.ca\/en\/wp-json\/wp\/v2\/media?parent=30403"}],"curies":[{"name":"wp","href":"https:\/\/api.w.org\/{rel}","templated":true}]}}