{"id":16752,"date":"2021-11-19T12:41:50","date_gmt":"2021-11-19T17:41:50","guid":{"rendered":"https:\/\/lepetitseptieme.ca\/?page_id=16752"},"modified":"2026-02-19T10:02:52","modified_gmt":"2026-02-19T15:02:52","slug":"lps-live-2","status":"publish","type":"page","link":"https:\/\/lepetitseptieme.ca\/en\/lps-live-2\/","title":{"rendered":"LPS Live"},"content":{"rendered":"\n<h2 class=\"wp-block-heading\" id=\"next-broadcast\">The Voice of French-Canadian Filmmakers: Episode 2 &#8211; 10 Years of Francophone Success<\/h2>\n\n\n\n<p><em>Available in French only&#8230;<\/em><\/p>\n\n\n\n<hr class=\"wp-block-separator has-alpha-channel-opacity\"\/>\n\n\n\n<p>Recorded during the Plan-S\u00e9quence cohort residency at the CINEMANIA festival on November 11, 2025, in Montreal, this episode looks back on 10 years of Plan-S\u00e9quence, our mentorship and project support program for Francophone filmmakers in minority settings in Canada.<\/p>\n\n\n\n<p>Host: Sven Buridans (F\u00e9d\u00e9ration culturelle canadienne-fran\u00e7aise (FCCF))<\/p>\n\n\n\n<p>Guests: filmmakers from RACCORD; Elena Sturk-Lussier, a new participant in the program; Maxime Beauchamp and Jocelyn Forgues, alumni; Isabelle Raynault, director, screenwriter, and instructor at L&#8217;inis; and Samuel Escabor, Director of Continuing Professional Development at L&#8217;inis.<\/p>\n\n\n\n<p>This podcast is made possible thanks to the financial support of the Government of Canada, Telefilm Canada, and the Government of Quebec.<\/p>\n\n\n\n<p>In partnership with: L&#8217;inis, Le Petit Septi\u00e8me, the CINEMANIA Festival, and the TADA Accelerator, an initiative of the F\u00e9d\u00e9ration culturelle canadienne-fran\u00e7aise.<\/p>\n\n\n\n<p>Find the RACCORD podcast, the voice of filmmakers from the Canadian Francophonie, on all platforms: Spotify, YouTube, Apple Podcasts, and the RACCORD website.<\/p>\n\n\n\n<p>\u27a1\ufe0f Learn more about the Plan-S\u00e9quence program here!<\/p>\n\n\n\n<figure class=\"wp-block-embed is-type-video is-provider-vimeo wp-block-embed-vimeo wp-embed-aspect-16-9 wp-has-aspect-ratio\"><div class=\"wp-block-embed__wrapper\">\n<iframe loading=\"lazy\" title=\"Episode 4 - Plan se\u0301quence, 10ans de succ\u00e8s francophone sur nos \u00e9crans\" src=\"https:\/\/player.vimeo.com\/video\/1163672146?h=32dc8427b5&amp;dnt=1&amp;app_id=122963\" width=\"500\" height=\"281\" frameborder=\"0\" allow=\"autoplay; fullscreen; picture-in-picture; clipboard-write; encrypted-media; web-share\" referrerpolicy=\"strict-origin-when-cross-origin\"><\/iframe>\n<\/div><\/figure>\n","protected":false},"excerpt":{"rendered":"<p>The Voice of French-Canadian Filmmakers: Episode 2 &#8211; 10 Years of Francophone Success Available in French only&#8230; Recorded during the Plan-S\u00e9quence cohort residency at the CINEMANIA festival on November 11, 2025, in Montreal, this episode looks back on 10 years of Plan-S\u00e9quence, our mentorship and project support program for Francophone filmmakers in minority settings in [&hellip;]<\/p>\n","protected":false},"author":2,"featured_media":53313,"parent":0,"menu_order":0,"comment_status":"closed","ping_status":"closed","template":"","meta":{"_acf_changed":false,"site-sidebar-layout":"default","site-content-layout":"","ast-site-content-layout":"default","site-content-style":"default","site-sidebar-style":"default","ast-global-header-display":"","ast-banner-title-visibility":"","ast-main-header-display":"","ast-hfb-above-header-display":"","ast-hfb-below-header-display":"","ast-hfb-mobile-header-display":"","site-post-title":"","ast-breadcrumbs-content":"","ast-featured-img":"","footer-sml-layout":"","ast-disable-related-posts":"","theme-transparent-header-meta":"","adv-header-id-meta":"","stick-header-meta":"","header-above-stick-meta":"","header-main-stick-meta":"","header-below-stick-meta":"","astra-migrate-meta-layouts":"set","ast-page-background-enabled":"default","ast-page-background-meta":{"desktop":{"background-color":"var(--ast-global-color-4)","background-image":"","background-repeat":"repeat","background-position":"center center","background-size":"auto","background-attachment":"scroll","background-type":"","background-media":"","overlay-type":"","overlay-color":"","overlay-opacity":"","overlay-gradient":""},"tablet":{"background-color":"","background-image":"","background-repeat":"repeat","background-position":"center center","background-size":"auto","background-attachment":"scroll","background-type":"","background-media":"","overlay-type":"","overlay-color":"","overlay-opacity":"","overlay-gradient":""},"mobile":{"background-color":"","background-image":"","background-repeat":"repeat","background-position":"center center","background-size":"auto","background-attachment":"scroll","background-type":"","background-media":"","overlay-type":"","overlay-color":"","overlay-opacity":"","overlay-gradient":""}},"ast-content-background-meta":{"desktop":{"background-color":"var(--ast-global-color-5)","background-image":"","background-repeat":"repeat","background-position":"center center","background-size":"auto","background-attachment":"scroll","background-type":"","background-media":"","overlay-type":"","overlay-color":"","overlay-opacity":"","overlay-gradient":""},"tablet":{"background-color":"var(--ast-global-color-5)","background-image":"","background-repeat":"repeat","background-position":"center center","background-size":"auto","background-attachment":"scroll","background-type":"","background-media":"","overlay-type":"","overlay-color":"","overlay-opacity":"","overlay-gradient":""},"mobile":{"background-color":"var(--ast-global-color-5)","background-image":"","background-repeat":"repeat","background-position":"center center","background-size":"auto","background-attachment":"scroll","background-type":"","background-media":"","overlay-type":"","overlay-color":"","overlay-opacity":"","overlay-gradient":""}},"footnotes":""},"class_list":["post-16752","page","type-page","status-publish","has-post-thumbnail","hentry"],"acf":[],"yoast_head":"<!-- This site is optimized with the Yoast SEO plugin v27.1.1 - https:\/\/yoast.com\/product\/yoast-seo-wordpress\/ -->\n<title>LPS Live - Le petit septi\u00e8me<\/title>\n<meta name=\"description\" content=\"From time to time, Le Petit Septi\u00e8me presents films or interviews to its readers. The next event is gonna be announce soon.\" \/>\n<meta name=\"robots\" content=\"index, follow, max-snippet:-1, max-image-preview:large, max-video-preview:-1\" \/>\n<link rel=\"canonical\" href=\"https:\/\/lepetitseptieme.ca\/en\/lps-live-2\/\" \/>\n<meta property=\"og:locale\" content=\"en_US\" \/>\n<meta property=\"og:type\" content=\"article\" \/>\n<meta property=\"og:title\" content=\"LPS Live - Le petit septi\u00e8me\" \/>\n<meta property=\"og:description\" content=\"From time to time, Le Petit Septi\u00e8me presents films or interviews to its readers. The next event is Murmures, a podcast on the realities of being a French-speaking filmmaker in English Canada.\" \/>\n<meta property=\"og:url\" content=\"https:\/\/lepetitseptieme.ca\/en\/lps-live-2\/\" \/>\n<meta property=\"og:site_name\" content=\"Le petit septi\u00e8me\" \/>\n<meta property=\"article:publisher\" content=\"https:\/\/www.facebook.com\/pages\/Le-Petit-Septi%c3%a8me\/494448933948121?ref=hl\" \/>\n<meta property=\"article:modified_time\" content=\"2026-02-19T15:02:52+00:00\" \/>\n<meta property=\"og:image\" content=\"https:\/\/lepetitseptieme.ca\/wp-content\/uploads\/2025\/06\/Header-Diffusions-LPSlive-plan.jpg\" \/>\n\t<meta property=\"og:image:width\" content=\"1920\" \/>\n\t<meta property=\"og:image:height\" content=\"1279\" \/>\n\t<meta property=\"og:image:type\" content=\"image\/jpeg\" \/>\n<meta name=\"twitter:card\" content=\"summary_large_image\" \/>\n<meta name=\"twitter:description\" content=\"From time to time, Le Petit Septi\u00e8me presents films or interviews to its readers. The next event is Murmures, a podcast on the realities of being a French-speaking filmmaker in English Canada.\" \/>\n<meta name=\"twitter:site\" content=\"@LePetitSeptieme\" \/>\n<meta name=\"twitter:label1\" content=\"Est. reading time\" \/>\n\t<meta name=\"twitter:data1\" content=\"2 minutes\" \/>\n<script type=\"application\/ld+json\" class=\"yoast-schema-graph\">{\"@context\":\"https:\/\/schema.org\",\"@graph\":[{\"@type\":\"WebPage\",\"@id\":\"https:\/\/lepetitseptieme.ca\/en\/lps-live-2\/\",\"url\":\"https:\/\/lepetitseptieme.ca\/en\/lps-live-2\/\",\"name\":\"LPS Live - Le petit septi\u00e8me\",\"isPartOf\":{\"@id\":\"https:\/\/lepetitseptieme.ca\/en\/#website\"},\"primaryImageOfPage\":{\"@id\":\"https:\/\/lepetitseptieme.ca\/en\/lps-live-2\/#primaryimage\"},\"image\":{\"@id\":\"https:\/\/lepetitseptieme.ca\/en\/lps-live-2\/#primaryimage\"},\"thumbnailUrl\":\"https:\/\/lepetitseptieme.ca\/wp-content\/uploads\/2025\/06\/Header-Diffusions-LPSlive-plan.jpg\",\"datePublished\":\"2021-11-19T17:41:50+00:00\",\"dateModified\":\"2026-02-19T15:02:52+00:00\",\"description\":\"From time to time, Le Petit Septi\u00e8me presents films or interviews to its readers. The next event is gonna be announce soon.\",\"breadcrumb\":{\"@id\":\"https:\/\/lepetitseptieme.ca\/en\/lps-live-2\/#breadcrumb\"},\"inLanguage\":\"en-US\",\"potentialAction\":[{\"@type\":\"ReadAction\",\"target\":[\"https:\/\/lepetitseptieme.ca\/en\/lps-live-2\/\"]}]},{\"@type\":\"ImageObject\",\"inLanguage\":\"en-US\",\"@id\":\"https:\/\/lepetitseptieme.ca\/en\/lps-live-2\/#primaryimage\",\"url\":\"https:\/\/lepetitseptieme.ca\/wp-content\/uploads\/2025\/06\/Header-Diffusions-LPSlive-plan.jpg\",\"contentUrl\":\"https:\/\/lepetitseptieme.ca\/wp-content\/uploads\/2025\/06\/Header-Diffusions-LPSlive-plan.jpg\",\"width\":1920,\"height\":1279},{\"@type\":\"BreadcrumbList\",\"@id\":\"https:\/\/lepetitseptieme.ca\/en\/lps-live-2\/#breadcrumb\",\"itemListElement\":[{\"@type\":\"ListItem\",\"position\":1,\"name\":\"Home\",\"item\":\"https:\/\/lepetitseptieme.ca\/en\/\"},{\"@type\":\"ListItem\",\"position\":2,\"name\":\"LPS Live\"}]},{\"@type\":\"WebSite\",\"@id\":\"https:\/\/lepetitseptieme.ca\/en\/#website\",\"url\":\"https:\/\/lepetitseptieme.ca\/en\/\",\"name\":\"Le petit septi\u00e8me\",\"description\":\"Reviews and comments on Quebec, international and author cinema\",\"publisher\":{\"@id\":\"https:\/\/lepetitseptieme.ca\/en\/#organization\"},\"potentialAction\":[{\"@type\":\"SearchAction\",\"target\":{\"@type\":\"EntryPoint\",\"urlTemplate\":\"https:\/\/lepetitseptieme.ca\/en\/?s={search_term_string}\"},\"query-input\":{\"@type\":\"PropertyValueSpecification\",\"valueRequired\":true,\"valueName\":\"search_term_string\"}}],\"inLanguage\":\"en-US\"},{\"@type\":\"Organization\",\"@id\":\"https:\/\/lepetitseptieme.ca\/en\/#organization\",\"name\":\"Le Petit Septi\u00e8me\",\"url\":\"https:\/\/lepetitseptieme.ca\/en\/\",\"logo\":{\"@type\":\"ImageObject\",\"inLanguage\":\"en-US\",\"@id\":\"https:\/\/lepetitseptieme.ca\/en\/#\/schema\/logo\/image\/\",\"url\":\"https:\/\/lepetitseptieme.ca\/wp-content\/uploads\/2016\/05\/cropped-Logo-Le-Petit-Septi\u00e8me-2016-BW.png\",\"contentUrl\":\"https:\/\/lepetitseptieme.ca\/wp-content\/uploads\/2016\/05\/cropped-Logo-Le-Petit-Septi\u00e8me-2016-BW.png\",\"width\":512,\"height\":512,\"caption\":\"Le Petit Septi\u00e8me\"},\"image\":{\"@id\":\"https:\/\/lepetitseptieme.ca\/en\/#\/schema\/logo\/image\/\"},\"sameAs\":[\"https:\/\/www.facebook.com\/pages\/Le-Petit-Septi\u00e8me\/494448933948121?ref=hl\",\"https:\/\/x.com\/LePetitSeptieme\",\"https:\/\/www.youtube.com\/channel\/UC5mdhI_jJvDN1I9fkk5RcIw\"]}]}<\/script>\n<!-- \/ Yoast SEO plugin. -->","yoast_head_json":{"title":"LPS Live - Le petit septi\u00e8me","description":"From time to time, Le Petit Septi\u00e8me presents films or interviews to its readers. The next event is gonna be announce soon.","robots":{"index":"index","follow":"follow","max-snippet":"max-snippet:-1","max-image-preview":"max-image-preview:large","max-video-preview":"max-video-preview:-1"},"canonical":"https:\/\/lepetitseptieme.ca\/en\/lps-live-2\/","og_locale":"en_US","og_type":"article","og_title":"LPS Live - Le petit septi\u00e8me","og_description":"From time to time, Le Petit Septi\u00e8me presents films or interviews to its readers. The next event is Murmures, a podcast on the realities of being a French-speaking filmmaker in English Canada.","og_url":"https:\/\/lepetitseptieme.ca\/en\/lps-live-2\/","og_site_name":"Le petit septi\u00e8me","article_publisher":"https:\/\/www.facebook.com\/pages\/Le-Petit-Septi%c3%a8me\/494448933948121?ref=hl","article_modified_time":"2026-02-19T15:02:52+00:00","og_image":[{"width":1920,"height":1279,"url":"https:\/\/lepetitseptieme.ca\/wp-content\/uploads\/2025\/06\/Header-Diffusions-LPSlive-plan.jpg","type":"image\/jpeg"}],"twitter_card":"summary_large_image","twitter_description":"From time to time, Le Petit Septi\u00e8me presents films or interviews to its readers. The next event is Murmures, a podcast on the realities of being a French-speaking filmmaker in English Canada.","twitter_site":"@LePetitSeptieme","twitter_misc":{"Est. reading time":"2 minutes"},"schema":{"@context":"https:\/\/schema.org","@graph":[{"@type":"WebPage","@id":"https:\/\/lepetitseptieme.ca\/en\/lps-live-2\/","url":"https:\/\/lepetitseptieme.ca\/en\/lps-live-2\/","name":"LPS Live - Le petit septi\u00e8me","isPartOf":{"@id":"https:\/\/lepetitseptieme.ca\/en\/#website"},"primaryImageOfPage":{"@id":"https:\/\/lepetitseptieme.ca\/en\/lps-live-2\/#primaryimage"},"image":{"@id":"https:\/\/lepetitseptieme.ca\/en\/lps-live-2\/#primaryimage"},"thumbnailUrl":"https:\/\/lepetitseptieme.ca\/wp-content\/uploads\/2025\/06\/Header-Diffusions-LPSlive-plan.jpg","datePublished":"2021-11-19T17:41:50+00:00","dateModified":"2026-02-19T15:02:52+00:00","description":"From time to time, Le Petit Septi\u00e8me presents films or interviews to its readers. The next event is gonna be announce soon.","breadcrumb":{"@id":"https:\/\/lepetitseptieme.ca\/en\/lps-live-2\/#breadcrumb"},"inLanguage":"en-US","potentialAction":[{"@type":"ReadAction","target":["https:\/\/lepetitseptieme.ca\/en\/lps-live-2\/"]}]},{"@type":"ImageObject","inLanguage":"en-US","@id":"https:\/\/lepetitseptieme.ca\/en\/lps-live-2\/#primaryimage","url":"https:\/\/lepetitseptieme.ca\/wp-content\/uploads\/2025\/06\/Header-Diffusions-LPSlive-plan.jpg","contentUrl":"https:\/\/lepetitseptieme.ca\/wp-content\/uploads\/2025\/06\/Header-Diffusions-LPSlive-plan.jpg","width":1920,"height":1279},{"@type":"BreadcrumbList","@id":"https:\/\/lepetitseptieme.ca\/en\/lps-live-2\/#breadcrumb","itemListElement":[{"@type":"ListItem","position":1,"name":"Home","item":"https:\/\/lepetitseptieme.ca\/en\/"},{"@type":"ListItem","position":2,"name":"LPS Live"}]},{"@type":"WebSite","@id":"https:\/\/lepetitseptieme.ca\/en\/#website","url":"https:\/\/lepetitseptieme.ca\/en\/","name":"Le petit septi\u00e8me","description":"Reviews and comments on Quebec, international and author cinema","publisher":{"@id":"https:\/\/lepetitseptieme.ca\/en\/#organization"},"potentialAction":[{"@type":"SearchAction","target":{"@type":"EntryPoint","urlTemplate":"https:\/\/lepetitseptieme.ca\/en\/?s={search_term_string}"},"query-input":{"@type":"PropertyValueSpecification","valueRequired":true,"valueName":"search_term_string"}}],"inLanguage":"en-US"},{"@type":"Organization","@id":"https:\/\/lepetitseptieme.ca\/en\/#organization","name":"Le Petit Septi\u00e8me","url":"https:\/\/lepetitseptieme.ca\/en\/","logo":{"@type":"ImageObject","inLanguage":"en-US","@id":"https:\/\/lepetitseptieme.ca\/en\/#\/schema\/logo\/image\/","url":"https:\/\/lepetitseptieme.ca\/wp-content\/uploads\/2016\/05\/cropped-Logo-Le-Petit-Septi\u00e8me-2016-BW.png","contentUrl":"https:\/\/lepetitseptieme.ca\/wp-content\/uploads\/2016\/05\/cropped-Logo-Le-Petit-Septi\u00e8me-2016-BW.png","width":512,"height":512,"caption":"Le Petit Septi\u00e8me"},"image":{"@id":"https:\/\/lepetitseptieme.ca\/en\/#\/schema\/logo\/image\/"},"sameAs":["https:\/\/www.facebook.com\/pages\/Le-Petit-Septi\u00e8me\/494448933948121?ref=hl","https:\/\/x.com\/LePetitSeptieme","https:\/\/www.youtube.com\/channel\/UC5mdhI_jJvDN1I9fkk5RcIw"]}]}},"zion_builder_status":false,"_links":{"self":[{"href":"https:\/\/lepetitseptieme.ca\/en\/wp-json\/wp\/v2\/pages\/16752","targetHints":{"allow":["GET"]}}],"collection":[{"href":"https:\/\/lepetitseptieme.ca\/en\/wp-json\/wp\/v2\/pages"}],"about":[{"href":"https:\/\/lepetitseptieme.ca\/en\/wp-json\/wp\/v2\/types\/page"}],"author":[{"embeddable":true,"href":"https:\/\/lepetitseptieme.ca\/en\/wp-json\/wp\/v2\/users\/2"}],"replies":[{"embeddable":true,"href":"https:\/\/lepetitseptieme.ca\/en\/wp-json\/wp\/v2\/comments?post=16752"}],"version-history":[{"count":5,"href":"https:\/\/lepetitseptieme.ca\/en\/wp-json\/wp\/v2\/pages\/16752\/revisions"}],"predecessor-version":[{"id":57816,"href":"https:\/\/lepetitseptieme.ca\/en\/wp-json\/wp\/v2\/pages\/16752\/revisions\/57816"}],"wp:featuredmedia":[{"embeddable":true,"href":"https:\/\/lepetitseptieme.ca\/en\/wp-json\/wp\/v2\/media\/53313"}],"wp:attachment":[{"href":"https:\/\/lepetitseptieme.ca\/en\/wp-json\/wp\/v2\/media?parent=16752"}],"curies":[{"name":"wp","href":"https:\/\/api.w.org\/{rel}","templated":true}]}}