{"id":16214,"date":"2021-10-12T14:31:38","date_gmt":"2021-10-12T18:31:38","guid":{"rendered":"https:\/\/lepetitseptieme.ca\/?page_id=16214"},"modified":"2021-11-19T16:27:09","modified_gmt":"2021-11-19T21:27:09","slug":"french-poetic-realism","status":"publish","type":"page","link":"https:\/\/lepetitseptieme.ca\/en\/history-of-cinema\/french-poetic-realism\/","title":{"rendered":"French Poetic Realism"},"content":{"rendered":"<p>L\u2019arriv\u00e9e du cin\u00e9ma parlant et l\u2019ambiance historique des ann\u00e9es 1930 mettent la table pour un nouveau genre cin\u00e9matographique en France : le r\u00e9alisme po\u00e9tique. Visant \u00e0 montrer la vie quotidienne, aussi banale soit-elle, sous un nouveau jour en lui conf\u00e9rant une saveur po\u00e9tique, ce genre repr\u00e9sente l\u2019\u00e2ge d\u2019or du cin\u00e9ma fran\u00e7ais. Des figures embl\u00e9matiques, telles que le r\u00e9alisateur Jean Renoir et l\u2019acteur Jean Gabin, \u00e9mergent. Dans cette \u00e8re de propagande allemande, d\u2019occupation et de discours communistes, les \u0153uvres du r\u00e9alisme po\u00e9tique prennent souvent des airs d\u2019engagement et de combativit\u00e9.<\/p>\n<p>Julien Duvivier r\u00e9alise La Belle \u00c9quipe en 1936, o\u00f9 l\u2019on suit un groupe de ch\u00f4meurs qui forment une coop\u00e9rative dans le but de restaurer un vieux caf\u00e9. Contexte historique oblige, les aspirations du Front populaire sont transpos\u00e9es dans cette \u0153uvre. L\u2019opposition entre les d\u00e9sirs individuels et le bien de la collectivit\u00e9 est constante. La particularit\u00e9 de ce film r\u00e9side certainement dans sa double fin. Dans une version, les personnages surmontent les difficult\u00e9s encourues et triomphent, motiv\u00e9s par un objectif commun, alors que, dans l\u2019autre, ils \u00e9chouent et p\u00e9rissent, obnubil\u00e9s par leurs r\u00eaves individuels. Duvivier n\u2019offrira pas moins d\u2019une demi-douzaine de films au cours de la d\u00e9cennie\u00a01930, dont P\u00e9p\u00e9 le Moko (1937), la Fin du jour (1939) et Maria Chapdelaine, titre adapt\u00e9 de nouveau en 2021 par le r\u00e9alisateur qu\u00e9b\u00e9cois S\u00e9bastien Pilote.<\/p>\n<p>Le Front populaire et le communisme inspirent \u00e9galement Jean Renoir, qui leur d\u00e9die La vie est \u00e0 nous en 1936. Parmi les premiers films militants fran\u00e7ais, cette \u0153uvre sert de propagande au parti communiste. Les sc\u00e8nes jou\u00e9es s\u2019encha\u00eenent entre les discours politiques. Pour sa part, La Marseillaise (1937) nous transporte lors de la R\u00e9volution fran\u00e7aise. La dualit\u00e9 de personnages fictifs et de faits historiques est utilis\u00e9e de nouveau. Renoir poursuit sa lanc\u00e9e la m\u00eame ann\u00e9e avec La Grande illusion, histoire pr\u00e9sentant des soldats fran\u00e7ais de la Premi\u00e8re Guerre mondiale faits prisonniers par les Allemands. Le message est clair\u00a0: l\u2019aristocratie n\u2019a pas sa place dans l\u2019arm\u00e9e. En 1938, La B\u00eate humaine, reprise par Renoir, d\u00e9peint un certain id\u00e9al, toujours plong\u00e9 dans la propagande. Jean Gabin y tient le r\u00f4le principal, comme dans la plupart des films de ce courant cin\u00e9matographique.<\/p>\n<p>On ne pourrait passer sous silence le drame v\u00e9cu par le d\u00e9serteur dans Le Quai des brumes de Michel Carn\u00e9, ainsi qu\u2019une foule d\u2019autres \u0153uvres o\u00f9 on retrouve ce discours engag\u00e9 du r\u00e9alisme po\u00e9tique, qui est bien ancr\u00e9 dans la p\u00e9riode historique mouvement\u00e9e dans laquelle il surgit.<\/p>\n","protected":false},"excerpt":{"rendered":"<p>L\u2019arriv\u00e9e du cin\u00e9ma parlant et l\u2019ambiance historique des ann\u00e9es 1930 mettent la table pour un nouveau genre cin\u00e9matographique en France : le r\u00e9alisme po\u00e9tique. Visant \u00e0 montrer la vie quotidienne, aussi banale soit-elle, sous un nouveau jour en lui conf\u00e9rant une saveur po\u00e9tique, ce genre repr\u00e9sente l\u2019\u00e2ge d\u2019or du cin\u00e9ma fran\u00e7ais. Des figures embl\u00e9matiques, telles [&hellip;]<\/p>\n","protected":false},"author":2,"featured_media":16204,"parent":7195,"menu_order":3,"comment_status":"closed","ping_status":"closed","template":"","meta":{"_acf_changed":false,"site-sidebar-layout":"default","site-content-layout":"","ast-site-content-layout":"default","site-content-style":"default","site-sidebar-style":"default","ast-global-header-display":"","ast-banner-title-visibility":"","ast-main-header-display":"","ast-hfb-above-header-display":"","ast-hfb-below-header-display":"","ast-hfb-mobile-header-display":"","site-post-title":"","ast-breadcrumbs-content":"","ast-featured-img":"","footer-sml-layout":"","ast-disable-related-posts":"","theme-transparent-header-meta":"","adv-header-id-meta":"","stick-header-meta":"","header-above-stick-meta":"","header-main-stick-meta":"","header-below-stick-meta":"","astra-migrate-meta-layouts":"default","ast-page-background-enabled":"default","ast-page-background-meta":{"desktop":{"background-color":"var(--ast-global-color-4)","background-image":"","background-repeat":"repeat","background-position":"center center","background-size":"auto","background-attachment":"scroll","background-type":"","background-media":"","overlay-type":"","overlay-color":"","overlay-opacity":"","overlay-gradient":""},"tablet":{"background-color":"","background-image":"","background-repeat":"repeat","background-position":"center center","background-size":"auto","background-attachment":"scroll","background-type":"","background-media":"","overlay-type":"","overlay-color":"","overlay-opacity":"","overlay-gradient":""},"mobile":{"background-color":"","background-image":"","background-repeat":"repeat","background-position":"center center","background-size":"auto","background-attachment":"scroll","background-type":"","background-media":"","overlay-type":"","overlay-color":"","overlay-opacity":"","overlay-gradient":""}},"ast-content-background-meta":{"desktop":{"background-color":"var(--ast-global-color-5)","background-image":"","background-repeat":"repeat","background-position":"center center","background-size":"auto","background-attachment":"scroll","background-type":"","background-media":"","overlay-type":"","overlay-color":"","overlay-opacity":"","overlay-gradient":""},"tablet":{"background-color":"var(--ast-global-color-5)","background-image":"","background-repeat":"repeat","background-position":"center center","background-size":"auto","background-attachment":"scroll","background-type":"","background-media":"","overlay-type":"","overlay-color":"","overlay-opacity":"","overlay-gradient":""},"mobile":{"background-color":"var(--ast-global-color-5)","background-image":"","background-repeat":"repeat","background-position":"center center","background-size":"auto","background-attachment":"scroll","background-type":"","background-media":"","overlay-type":"","overlay-color":"","overlay-opacity":"","overlay-gradient":""}},"footnotes":""},"class_list":["post-16214","page","type-page","status-publish","has-post-thumbnail","hentry"],"acf":[],"yoast_head":"<!-- This site is optimized with the Yoast SEO plugin v27.1.1 - https:\/\/yoast.com\/product\/yoast-seo-wordpress\/ -->\n<title>French Poetic Realism - Le petit septi\u00e8me<\/title>\n<meta name=\"robots\" content=\"index, follow, max-snippet:-1, max-image-preview:large, max-video-preview:-1\" \/>\n<link rel=\"canonical\" href=\"https:\/\/lepetitseptieme.ca\/en\/history-of-cinema\/french-poetic-realism\/\" \/>\n<meta property=\"og:locale\" content=\"en_US\" \/>\n<meta property=\"og:type\" content=\"article\" \/>\n<meta property=\"og:title\" content=\"French Poetic Realism - Le petit septi\u00e8me\" \/>\n<meta property=\"og:description\" content=\"L\u2019arriv\u00e9e du cin\u00e9ma parlant et l\u2019ambiance historique des ann\u00e9es 1930 mettent la table pour un nouveau genre cin\u00e9matographique en France : le r\u00e9alisme po\u00e9tique. Visant \u00e0 montrer la vie quotidienne, aussi banale soit-elle, sous un nouveau jour en lui conf\u00e9rant une saveur po\u00e9tique, ce genre repr\u00e9sente l\u2019\u00e2ge d\u2019or du cin\u00e9ma fran\u00e7ais. Des figures embl\u00e9matiques, telles [&hellip;]\" \/>\n<meta property=\"og:url\" content=\"https:\/\/lepetitseptieme.ca\/en\/history-of-cinema\/french-poetic-realism\/\" \/>\n<meta property=\"og:site_name\" content=\"Le petit septi\u00e8me\" \/>\n<meta property=\"article:publisher\" content=\"https:\/\/www.facebook.com\/pages\/Le-Petit-Septi%c3%a8me\/494448933948121?ref=hl\" \/>\n<meta property=\"article:modified_time\" content=\"2021-11-19T21:27:09+00:00\" \/>\n<meta property=\"og:image\" content=\"https:\/\/lepetitseptieme.ca\/wp-content\/uploads\/2021\/10\/Header-page-Realisme-poetique-francais.jpg\" \/>\n\t<meta property=\"og:image:width\" content=\"1920\" \/>\n\t<meta property=\"og:image:height\" content=\"1080\" \/>\n\t<meta property=\"og:image:type\" content=\"image\/jpeg\" \/>\n<meta name=\"twitter:card\" content=\"summary_large_image\" \/>\n<meta name=\"twitter:site\" content=\"@LePetitSeptieme\" \/>\n<meta name=\"twitter:label1\" content=\"Est. reading time\" \/>\n\t<meta name=\"twitter:data1\" content=\"2 minutes\" \/>\n<script type=\"application\/ld+json\" class=\"yoast-schema-graph\">{\"@context\":\"https:\/\/schema.org\",\"@graph\":[{\"@type\":\"WebPage\",\"@id\":\"https:\/\/lepetitseptieme.ca\/en\/history-of-cinema\/french-poetic-realism\/\",\"url\":\"https:\/\/lepetitseptieme.ca\/en\/history-of-cinema\/french-poetic-realism\/\",\"name\":\"French Poetic Realism - Le petit septi\u00e8me\",\"isPartOf\":{\"@id\":\"https:\/\/lepetitseptieme.ca\/en\/#website\"},\"primaryImageOfPage\":{\"@id\":\"https:\/\/lepetitseptieme.ca\/en\/history-of-cinema\/french-poetic-realism\/#primaryimage\"},\"image\":{\"@id\":\"https:\/\/lepetitseptieme.ca\/en\/history-of-cinema\/french-poetic-realism\/#primaryimage\"},\"thumbnailUrl\":\"https:\/\/lepetitseptieme.ca\/wp-content\/uploads\/2021\/10\/Header-page-Realisme-poetique-francais.jpg\",\"datePublished\":\"2021-10-12T18:31:38+00:00\",\"dateModified\":\"2021-11-19T21:27:09+00:00\",\"breadcrumb\":{\"@id\":\"https:\/\/lepetitseptieme.ca\/en\/history-of-cinema\/french-poetic-realism\/#breadcrumb\"},\"inLanguage\":\"en-US\",\"potentialAction\":[{\"@type\":\"ReadAction\",\"target\":[\"https:\/\/lepetitseptieme.ca\/en\/history-of-cinema\/french-poetic-realism\/\"]}]},{\"@type\":\"ImageObject\",\"inLanguage\":\"en-US\",\"@id\":\"https:\/\/lepetitseptieme.ca\/en\/history-of-cinema\/french-poetic-realism\/#primaryimage\",\"url\":\"https:\/\/lepetitseptieme.ca\/wp-content\/uploads\/2021\/10\/Header-page-Realisme-poetique-francais.jpg\",\"contentUrl\":\"https:\/\/lepetitseptieme.ca\/wp-content\/uploads\/2021\/10\/Header-page-Realisme-poetique-francais.jpg\",\"width\":1920,\"height\":1080,\"caption\":\"R\u00e9alisme po\u00e9tique fran\u00e7ais\"},{\"@type\":\"BreadcrumbList\",\"@id\":\"https:\/\/lepetitseptieme.ca\/en\/history-of-cinema\/french-poetic-realism\/#breadcrumb\",\"itemListElement\":[{\"@type\":\"ListItem\",\"position\":1,\"name\":\"Home\",\"item\":\"https:\/\/lepetitseptieme.ca\/en\/\"},{\"@type\":\"ListItem\",\"position\":2,\"name\":\"History of cinema\",\"item\":\"https:\/\/lepetitseptieme.ca\/en\/histoire-du-cinema\/\"},{\"@type\":\"ListItem\",\"position\":3,\"name\":\"French Poetic Realism\"}]},{\"@type\":\"WebSite\",\"@id\":\"https:\/\/lepetitseptieme.ca\/en\/#website\",\"url\":\"https:\/\/lepetitseptieme.ca\/en\/\",\"name\":\"Le petit septi\u00e8me\",\"description\":\"Reviews and comments on Quebec, international and author cinema\",\"publisher\":{\"@id\":\"https:\/\/lepetitseptieme.ca\/en\/#organization\"},\"potentialAction\":[{\"@type\":\"SearchAction\",\"target\":{\"@type\":\"EntryPoint\",\"urlTemplate\":\"https:\/\/lepetitseptieme.ca\/en\/?s={search_term_string}\"},\"query-input\":{\"@type\":\"PropertyValueSpecification\",\"valueRequired\":true,\"valueName\":\"search_term_string\"}}],\"inLanguage\":\"en-US\"},{\"@type\":\"Organization\",\"@id\":\"https:\/\/lepetitseptieme.ca\/en\/#organization\",\"name\":\"Le Petit Septi\u00e8me\",\"url\":\"https:\/\/lepetitseptieme.ca\/en\/\",\"logo\":{\"@type\":\"ImageObject\",\"inLanguage\":\"en-US\",\"@id\":\"https:\/\/lepetitseptieme.ca\/en\/#\/schema\/logo\/image\/\",\"url\":\"https:\/\/lepetitseptieme.ca\/wp-content\/uploads\/2016\/05\/cropped-Logo-Le-Petit-Septi\u00e8me-2016-BW.png\",\"contentUrl\":\"https:\/\/lepetitseptieme.ca\/wp-content\/uploads\/2016\/05\/cropped-Logo-Le-Petit-Septi\u00e8me-2016-BW.png\",\"width\":512,\"height\":512,\"caption\":\"Le Petit Septi\u00e8me\"},\"image\":{\"@id\":\"https:\/\/lepetitseptieme.ca\/en\/#\/schema\/logo\/image\/\"},\"sameAs\":[\"https:\/\/www.facebook.com\/pages\/Le-Petit-Septi\u00e8me\/494448933948121?ref=hl\",\"https:\/\/x.com\/LePetitSeptieme\",\"https:\/\/www.youtube.com\/channel\/UC5mdhI_jJvDN1I9fkk5RcIw\"]}]}<\/script>\n<!-- \/ Yoast SEO plugin. -->","yoast_head_json":{"title":"French Poetic Realism - Le petit septi\u00e8me","robots":{"index":"index","follow":"follow","max-snippet":"max-snippet:-1","max-image-preview":"max-image-preview:large","max-video-preview":"max-video-preview:-1"},"canonical":"https:\/\/lepetitseptieme.ca\/en\/history-of-cinema\/french-poetic-realism\/","og_locale":"en_US","og_type":"article","og_title":"French Poetic Realism - Le petit septi\u00e8me","og_description":"L\u2019arriv\u00e9e du cin\u00e9ma parlant et l\u2019ambiance historique des ann\u00e9es 1930 mettent la table pour un nouveau genre cin\u00e9matographique en France : le r\u00e9alisme po\u00e9tique. Visant \u00e0 montrer la vie quotidienne, aussi banale soit-elle, sous un nouveau jour en lui conf\u00e9rant une saveur po\u00e9tique, ce genre repr\u00e9sente l\u2019\u00e2ge d\u2019or du cin\u00e9ma fran\u00e7ais. Des figures embl\u00e9matiques, telles [&hellip;]","og_url":"https:\/\/lepetitseptieme.ca\/en\/history-of-cinema\/french-poetic-realism\/","og_site_name":"Le petit septi\u00e8me","article_publisher":"https:\/\/www.facebook.com\/pages\/Le-Petit-Septi%c3%a8me\/494448933948121?ref=hl","article_modified_time":"2021-11-19T21:27:09+00:00","og_image":[{"width":1920,"height":1080,"url":"https:\/\/lepetitseptieme.ca\/wp-content\/uploads\/2021\/10\/Header-page-Realisme-poetique-francais.jpg","type":"image\/jpeg"}],"twitter_card":"summary_large_image","twitter_site":"@LePetitSeptieme","twitter_misc":{"Est. reading time":"2 minutes"},"schema":{"@context":"https:\/\/schema.org","@graph":[{"@type":"WebPage","@id":"https:\/\/lepetitseptieme.ca\/en\/history-of-cinema\/french-poetic-realism\/","url":"https:\/\/lepetitseptieme.ca\/en\/history-of-cinema\/french-poetic-realism\/","name":"French Poetic Realism - Le petit septi\u00e8me","isPartOf":{"@id":"https:\/\/lepetitseptieme.ca\/en\/#website"},"primaryImageOfPage":{"@id":"https:\/\/lepetitseptieme.ca\/en\/history-of-cinema\/french-poetic-realism\/#primaryimage"},"image":{"@id":"https:\/\/lepetitseptieme.ca\/en\/history-of-cinema\/french-poetic-realism\/#primaryimage"},"thumbnailUrl":"https:\/\/lepetitseptieme.ca\/wp-content\/uploads\/2021\/10\/Header-page-Realisme-poetique-francais.jpg","datePublished":"2021-10-12T18:31:38+00:00","dateModified":"2021-11-19T21:27:09+00:00","breadcrumb":{"@id":"https:\/\/lepetitseptieme.ca\/en\/history-of-cinema\/french-poetic-realism\/#breadcrumb"},"inLanguage":"en-US","potentialAction":[{"@type":"ReadAction","target":["https:\/\/lepetitseptieme.ca\/en\/history-of-cinema\/french-poetic-realism\/"]}]},{"@type":"ImageObject","inLanguage":"en-US","@id":"https:\/\/lepetitseptieme.ca\/en\/history-of-cinema\/french-poetic-realism\/#primaryimage","url":"https:\/\/lepetitseptieme.ca\/wp-content\/uploads\/2021\/10\/Header-page-Realisme-poetique-francais.jpg","contentUrl":"https:\/\/lepetitseptieme.ca\/wp-content\/uploads\/2021\/10\/Header-page-Realisme-poetique-francais.jpg","width":1920,"height":1080,"caption":"R\u00e9alisme po\u00e9tique fran\u00e7ais"},{"@type":"BreadcrumbList","@id":"https:\/\/lepetitseptieme.ca\/en\/history-of-cinema\/french-poetic-realism\/#breadcrumb","itemListElement":[{"@type":"ListItem","position":1,"name":"Home","item":"https:\/\/lepetitseptieme.ca\/en\/"},{"@type":"ListItem","position":2,"name":"History of cinema","item":"https:\/\/lepetitseptieme.ca\/en\/histoire-du-cinema\/"},{"@type":"ListItem","position":3,"name":"French Poetic Realism"}]},{"@type":"WebSite","@id":"https:\/\/lepetitseptieme.ca\/en\/#website","url":"https:\/\/lepetitseptieme.ca\/en\/","name":"Le petit septi\u00e8me","description":"Reviews and comments on Quebec, international and author cinema","publisher":{"@id":"https:\/\/lepetitseptieme.ca\/en\/#organization"},"potentialAction":[{"@type":"SearchAction","target":{"@type":"EntryPoint","urlTemplate":"https:\/\/lepetitseptieme.ca\/en\/?s={search_term_string}"},"query-input":{"@type":"PropertyValueSpecification","valueRequired":true,"valueName":"search_term_string"}}],"inLanguage":"en-US"},{"@type":"Organization","@id":"https:\/\/lepetitseptieme.ca\/en\/#organization","name":"Le Petit Septi\u00e8me","url":"https:\/\/lepetitseptieme.ca\/en\/","logo":{"@type":"ImageObject","inLanguage":"en-US","@id":"https:\/\/lepetitseptieme.ca\/en\/#\/schema\/logo\/image\/","url":"https:\/\/lepetitseptieme.ca\/wp-content\/uploads\/2016\/05\/cropped-Logo-Le-Petit-Septi\u00e8me-2016-BW.png","contentUrl":"https:\/\/lepetitseptieme.ca\/wp-content\/uploads\/2016\/05\/cropped-Logo-Le-Petit-Septi\u00e8me-2016-BW.png","width":512,"height":512,"caption":"Le Petit Septi\u00e8me"},"image":{"@id":"https:\/\/lepetitseptieme.ca\/en\/#\/schema\/logo\/image\/"},"sameAs":["https:\/\/www.facebook.com\/pages\/Le-Petit-Septi\u00e8me\/494448933948121?ref=hl","https:\/\/x.com\/LePetitSeptieme","https:\/\/www.youtube.com\/channel\/UC5mdhI_jJvDN1I9fkk5RcIw"]}]}},"zion_builder_status":false,"_links":{"self":[{"href":"https:\/\/lepetitseptieme.ca\/en\/wp-json\/wp\/v2\/pages\/16214","targetHints":{"allow":["GET"]}}],"collection":[{"href":"https:\/\/lepetitseptieme.ca\/en\/wp-json\/wp\/v2\/pages"}],"about":[{"href":"https:\/\/lepetitseptieme.ca\/en\/wp-json\/wp\/v2\/types\/page"}],"author":[{"embeddable":true,"href":"https:\/\/lepetitseptieme.ca\/en\/wp-json\/wp\/v2\/users\/2"}],"replies":[{"embeddable":true,"href":"https:\/\/lepetitseptieme.ca\/en\/wp-json\/wp\/v2\/comments?post=16214"}],"version-history":[{"count":3,"href":"https:\/\/lepetitseptieme.ca\/en\/wp-json\/wp\/v2\/pages\/16214\/revisions"}],"predecessor-version":[{"id":16756,"href":"https:\/\/lepetitseptieme.ca\/en\/wp-json\/wp\/v2\/pages\/16214\/revisions\/16756"}],"up":[{"embeddable":true,"href":"https:\/\/lepetitseptieme.ca\/en\/wp-json\/wp\/v2\/pages\/7195"}],"wp:featuredmedia":[{"embeddable":true,"href":"https:\/\/lepetitseptieme.ca\/en\/wp-json\/wp\/v2\/media\/16204"}],"wp:attachment":[{"href":"https:\/\/lepetitseptieme.ca\/en\/wp-json\/wp\/v2\/media?parent=16214"}],"curies":[{"name":"wp","href":"https:\/\/api.w.org\/{rel}","templated":true}]}}